{"id":10186,"date":"2024-05-28T16:24:09","date_gmt":"2025-04-14T14:24:05","guid":{"rendered":"https:\/\/dehub.netgear.com\/de\/hub\/?page_id=10186"},"modified":"2025-11-25T20:19:16","modified_gmt":"2025-11-25T19:19:16","slug":"itsupervision-und-netgear-business-gemeinsame-bereitstellung-herausragender-netzwerke","status":"publish","type":"page","link":"https:\/\/dehub.netgear.com\/de\/hub\/business\/case-studies\/it-case-studies\/itsupervision-und-netgear-business-gemeinsame-bereitstellung-herausragender-netzwerke\/","title":{"rendered":"ITSupervision und NETGEAR Business"},"content":{"rendered":"<p>ITSupervision B.V. bietet ihren Kunden in den gesamten Niederlanden hervorragende technische. Dienstleistungen und Produkte an. Durch die Qualit\u00e4t der Ger\u00e4te und den pers\u00f6nlichen Service, den das lokale NETGEAR Team bietet, konnte NETGEAR Business als Partner gewonnen werden.     <div class=\"table-of-content bg-gray\">\n        <p><strong>IN THIS ARTICLE<\/strong><\/p>\n        <ul>\n                        <li><a href=\"#topic1\">ZUSAMMENFASSUNG<\/a><\/li>\n                        <li><a href=\"#topic2\">HINTERGRUND<\/a><\/li>\n                        <li><a href=\"#topic3\">HERAUSFORDERUNG<\/a><\/li>\n                        <li><a href=\"#topic4\">L\u00d6SUNG<\/a><\/li>\n                        <li><a href=\"#topic5\">ERGEBNISSE<\/a><\/li>\n                        <li><a href=\"#topic6\">AUSSTATTUNG<\/a><\/li>\n                    <\/ul>\n    <\/div>\n        <div id=\"topic1\" class=\"skip-item\">\n                        <h2>ZUSAMMENFASSUNG<\/h2>\n                <div style=\"background-color: #eeeeee;padding: 20px;width: 33%;float: right\">\n<p><strong>Firmenname: <\/strong><br \/>\nITSupervision<\/p>\n<p><strong>Branche:<\/strong><br \/>\nIT<\/p>\n<p><strong>Website des Unternehmens:<\/strong><br \/>\n<a href=\"https:\/\/www.itsupervision.nl\">itsupervision.nl<\/a><\/p>\n<p><strong>Geographische Region:<\/strong><br \/>\nIJsselstein, Niederlande<\/p>\n<p><button style=\"font-size: 18px\"><a href=\"https:\/\/dehub.netgear.com\/de\/hub\/wp-content\/uploads\/2025\/04\/ITSupervision_CS_DE_03May24.pdf\"><strong>Laden Sie diese Fallstudie herunter<\/strong><\/a><\/button><\/p>\n<\/div>\n<div style=\"background-color: #ffffff;padding: 20px;width: 50%;float: left\"><em>Bei dem ersten Kundenprojekt, an dem die beiden Unternehmen zusammenarbeiteten, handelte es sich um die Muttergesellschaft von ITSupervision, Terberg Verendigde Bedrijven, die jetzt TVB hei\u00dft (Abk\u00fcrzung f\u00fcr Technische Verenigde Bedrijven). Die Aufgabe bestand darin, ein bestehendes WiFi-Netzwerk zu ersetzen, das das Ende seiner Lebensdauer erreicht hatte. Fast 600 Benutzer profitieren nun von einer zuverl\u00e4ssigen, schnellen und sicheren Verbindung auf der Grundlage der NETGEAR Total Network Solution.<\/em><\/div>\n    <\/div>\n        <div id=\"topic2\" class=\"skip-item\">\n                        <h2>HINTERGRUND<\/h2>\n                <p>Der in IJsselstein ans\u00e4ssige Spezialist ITSupervision B.V. bietet Unternehmen in den Niederlanden die komplette technische Installation und Wartung ihrer Systeme an. Das Unternehmen wurde 2010 in eine eigene Gesellschaft umgewandelt, als die Muttergesellschaft, der TVB, den Wert seiner technischen Dienstleistungen erkannte. Heute verkauft ITSupervision seine Services sowohl an interne Kunden innerhalb der TVB als auch an externe Kunden und unterst\u00fctzt damit landesweit etwa 1.200 Benutzer.<\/p>\n<p>Der Erfolg von ITSupervision beruht darauf, dass sich das sechsk\u00f6pfige Team darauf konzentriert, seinen Kunden hochwertiges technisches Fachwissen und Erfahrung zu bieten, erg\u00e4nzt durch die Verpflichtung, ihnen hochwertige Ger\u00e4te von renommierten, branchenf\u00fchrenden Herstellern anzubieten.<\/p>\n    <\/div>\n        <div id=\"topic3\" class=\"skip-item\">\n                        <h2>HERAUSFORDERUNG<\/h2>\n                <p>K\u00fcrzlich unterst\u00fctzte ITSupervision die TVB bei der Verbesserung des WLAN-Netzes an ihrem Standort in IJsselstein. Die vorhandenen Netzwerk-Switches hatten das Ende ihrer Lebensdauer erreicht und konnten daher keine Software- Sicherheitspatches mehr erhalten, was ein potenzielles Cyber-Risiko darstellte. Au\u00dferdem berichteten die rund 600 Benutzer bei TVB regelm\u00e4\u00dfig von Verbindungsproblemen mit dem veralteten WiFi 5-basierten WLAN-Netz.<\/p>\n<p>Dazu Dennis van Wankum, IT Manager bei ITSupervision: \u201eDie Netze, die wir heute nutzen, sind wichtiger als noch vor f\u00fcnf Jahren. Kein Netz bedeutet keine Daten, kein Webzugriff, keine E- Mails, nichts.\u201c Daher wurde entschieden, das bestehende Netz durch ein moderneres Konzept mit robuster Redundanz zu ersetzen. \u201eAusfallzeiten m\u00fcssen auf ein Minimum reduziert werden, deshalb war es wichtig, Redundanz in das neue Netzwerk einzubauen: Es muss einfach funktionieren\u201c, erkl\u00e4rt Dennis.<\/p>\n<p><img loading=\"lazy\" decoding=\"async\" class=\"aligncenter size-full wp-image-9466\" src=\"https:\/\/dehub.netgear.com\/de\/hub\/wp-content\/uploads\/2025\/04\/Screenshot-2025-04-14-at-15.56.27.png\" alt=\"\" width=\"431\" height=\"239\" \/><\/p>\n    <\/div>\n        <div id=\"topic4\" class=\"skip-item\">\n                        <h2>L\u00d6SUNG<\/h2>\n                <p>W\u00e4hrend ITSupervision nach Optionen f\u00fcr die TVB suchte, traf Dennis Thomas Verheul, VAR IT &amp; DMR Account Manager Benelux, NETGEAR, auf der Rout-IT congres (einer lokalen IT- Branchenveranstaltung). \u201eIch kam mit Thomas ins Gespr\u00e4ch, und er konnte uns von den Produkten voll und ganz \u00fcberzeugen\u201c, erz\u00e4hlt Dennis. \u201eNETGEAR hat alle Netzwerkfunktionen, die wir brauchen, und ein gutes Preis-Leistungs-Verh\u00e4ltnis. Vor allem aber hat Thomas&#8216; Enthusiasmus den Ausschlag gegeben und uns dazu bewogen, mit NETGEAR zusammenzuarbeiten.\u201c<\/p>\n<p>Die endg\u00fcltige L\u00f6sung besteht haupts\u00e4chlich aus einer Kombination aus NETGEAR Business Multi-Gig-Switches, 1 GB Switches zur Unterst\u00fctzung der Arbeitsbereiche von Benutzern, zwei redundanten Backup Core Switches, die Terberg die von ITSupervision gew\u00fcnschte Belastbarkeit bieten, und Switch Transceivern. Dar\u00fcber hinaus gibt es 24 NETGEAR Business WiFi 6e Access Points, die die Geschwindigkeit und Kapazit\u00e4t bieten, die der WiFi 6e-Standard erm\u00f6glicht.<\/p>\n<p>Die Installation musste schnell erfolgen, sodass ITSupervision nur wenig Zeit hatte, sich mit den Produkten von NETGEAR vertraut zu machen. Dies bedeutete f\u00fcr ITSupervision einen gewissen Lernprozess, aber alle Probleme wurden mithilfe von Thomas und seinem Team sowie dem NETGEAR Pro WiFi-Team gel\u00f6st. \u201eNETGEAR k\u00f6nnen wir einfach anrufen und erhalten sofort Hilfe\u201c, so Dennis.<\/p>\n    <\/div>\n        <div id=\"topic5\" class=\"skip-item\">\n                        <h2>ERGEBNISSE<\/h2>\n                <p>Das Netzwerk wurde Ende 2023 installiert, sodass TVB sicher sein kann, dass es \u00fcber eine stabile Hochgeschwindigkeitsverbindung verf\u00fcgt und die heutigen und zuk\u00fcnftigen Anforderungen der Benutzer erf\u00fcllen kann.<\/p>\n<p>ITSupervision und NETGEAR arbeiten nun an anderen Projekten zusammen, wobei ITSupervision auch praxisnahe Schulungen vom NETGEAR Pro WiFi-Team erhalten hat. Das Unternehmen wird auch NETGEAR Insight verwenden, eine cloudbasierte Netzwerkverwaltungsl\u00f6sung, die ITSupervision die remote \u00dcberwachung, Fehlerbehebung, Aktualisierung und Wartung von Kundennetzwerken erm\u00f6glicht.<\/p>\n<p>Inzwischen ist der wahre Ma\u00dfstab f\u00fcr den Erfolg eines jeden Netzwerkprojekts die Meinung der Kunden. Dennis berichtet: \u201eDas einzige Feedback, das ich erhalten habe, ist Schweigen, da es keine Verbindungsprobleme mehr gibt. Das spricht als Feedback eindeutig f\u00fcr sich.\u201c<\/p>\n    <\/div>\n        <div id=\"topic6\" class=\"skip-item\">\n                        <h2>AUSSTATTUNG<\/h2>\n                <ul>\n<li>24 WAX638E WiFi 6e Wireless Access Points (APs)<\/li>\n<li>4 MS324TXUP Multi-Gig-Switches f\u00fcr die APs<\/li>\n<li>5 AXM765 Switch-Module<\/li>\n<li>14 GS752TPP 1 GB Switches<\/li>\n<li>2 redundante XSM4328FV Core Switches<\/li>\n<\/ul>\n<p><img loading=\"lazy\" decoding=\"async\" class=\"aligncenter size-large wp-image-9465\" src=\"https:\/\/dehub.netgear.com\/de\/hub\/wp-content\/uploads\/2025\/04\/Screenshot-2025-04-14-at-15.57.02.png\" alt=\"\" width=\"1024\" height=\"431\" \/><\/p>\n    <\/div>\n        <div id=\"topic7\" class=\"skip-item\">\n                        <p><iframe loading=\"lazy\" src=\"https:\/\/405nrr.share-na2.hsforms.com\/25w_D-U5iS-e5KaSaP86jnQ\" width=\"100%\" height=\"1200px\"><\/iframe><\/p>\n    <\/div>\n    <\/p>\n","protected":false},"excerpt":{"rendered":"<p>ITSupervision B.V. bietet ihren Kunden in den gesamten Niederlanden hervorragende technische. Dienstleistungen und Produkte an. Durch die Qualit\u00e4t der Ger\u00e4te und den pers\u00f6nlichen Service, den das lokale NETGEAR Team bietet, konnte NETGEAR Business als Partner gewonnen werden.<\/p>\n","protected":false},"author":94,"featured_media":10495,"parent":10318,"menu_order":4,"comment_status":"closed","ping_status":"closed","template":"templates\/blog-wifi.php","meta":{"_acf_changed":false,"footnotes":""},"class_list":["post-10186","page","type-page","status-publish","has-post-thumbnail","hentry"],"acf":[],"yoast_head":"<!-- This site is optimized with the Yoast SEO plugin v27.4 - https:\/\/yoast.com\/product\/yoast-seo-wordpress\/ -->\n<title>ITSupervision und NETGEAR Business - NETGEAR Hub<\/title>\n<meta name=\"description\" content=\"ITSupervision B.V. modernisierte das WLAN-Netzwerk von TVB mit der NETGEAR Business L\u00f6sung: Schnelle, sichere und zuverl\u00e4ssige Verbindung f\u00fcr 600 Nutzer in den Niederlanden. Erfolgreiche Partnerschaft f\u00fcr eine digitale Zukunft ohne Ausf\u00e4lle.\" \/>\n<meta name=\"robots\" content=\"index, follow, max-snippet:-1, max-image-preview:large, max-video-preview:-1\" \/>\n<link rel=\"canonical\" href=\"https:\/\/dehub.netgear.com\/de\/hub\/business\/case-studies\/it-case-studies\/itsupervision-und-netgear-business-gemeinsame-bereitstellung-herausragender-netzwerke\/\" \/>\n<meta property=\"og:locale\" content=\"de_DE\" \/>\n<meta property=\"og:type\" content=\"article\" \/>\n<meta property=\"og:title\" content=\"ITSupervision und NETGEAR Business - NETGEAR Hub\" \/>\n<meta property=\"og:description\" content=\"ITSupervision B.V. modernisierte das WLAN-Netzwerk von TVB mit der NETGEAR Business L\u00f6sung: Schnelle, sichere und zuverl\u00e4ssige Verbindung f\u00fcr 600 Nutzer in den Niederlanden. Erfolgreiche Partnerschaft f\u00fcr eine digitale Zukunft ohne Ausf\u00e4lle.\" \/>\n<meta property=\"og:url\" content=\"https:\/\/dehub.netgear.com\/de\/hub\/business\/case-studies\/it-case-studies\/itsupervision-und-netgear-business-gemeinsame-bereitstellung-herausragender-netzwerke\/\" \/>\n<meta property=\"og:site_name\" content=\"NETGEAR Hub\" \/>\n<meta property=\"article:publisher\" content=\"https:\/\/www.facebook.com\/NetgearAU\/\" \/>\n<meta property=\"article:modified_time\" content=\"2025-11-25T19:19:16+00:00\" \/>\n<meta property=\"og:image\" content=\"https:\/\/dehub.netgear.com\/de\/hub\/wp-content\/uploads\/2025\/09\/Vignette-ITsupervision-v2.webp\" \/>\n\t<meta property=\"og:image:width\" content=\"383\" \/>\n\t<meta property=\"og:image:height\" content=\"288\" \/>\n\t<meta property=\"og:image:type\" content=\"image\/webp\" \/>\n<meta name=\"twitter:card\" content=\"summary_large_image\" \/>\n<meta name=\"twitter:site\" content=\"@NETGEAR\" \/>\n<script type=\"application\/ld+json\" class=\"yoast-schema-graph\">{\"@context\":\"https:\\\/\\\/schema.org\",\"@graph\":[{\"@type\":\"WebPage\",\"@id\":\"https:\\\/\\\/dehub.netgear.com\\\/de\\\/hub\\\/business\\\/case-studies\\\/it-case-studies\\\/itsupervision-und-netgear-business-gemeinsame-bereitstellung-herausragender-netzwerke\\\/\",\"url\":\"https:\\\/\\\/dehub.netgear.com\\\/de\\\/hub\\\/business\\\/case-studies\\\/it-case-studies\\\/itsupervision-und-netgear-business-gemeinsame-bereitstellung-herausragender-netzwerke\\\/\",\"name\":\"ITSupervision und NETGEAR Business - NETGEAR Hub\",\"isPartOf\":{\"@id\":\"https:\\\/\\\/dehub.netgear.com\\\/de\\\/hub\\\/#website\"},\"primaryImageOfPage\":{\"@id\":\"https:\\\/\\\/dehub.netgear.com\\\/de\\\/hub\\\/business\\\/case-studies\\\/it-case-studies\\\/itsupervision-und-netgear-business-gemeinsame-bereitstellung-herausragender-netzwerke\\\/#primaryimage\"},\"image\":{\"@id\":\"https:\\\/\\\/dehub.netgear.com\\\/de\\\/hub\\\/business\\\/case-studies\\\/it-case-studies\\\/itsupervision-und-netgear-business-gemeinsame-bereitstellung-herausragender-netzwerke\\\/#primaryimage\"},\"thumbnailUrl\":\"https:\\\/\\\/dehub.netgear.com\\\/de\\\/hub\\\/wp-content\\\/uploads\\\/2025\\\/09\\\/Vignette-ITsupervision-v2.webp\",\"datePublished\":\"2025-04-14T14:24:05+00:00\",\"dateModified\":\"2025-11-25T19:19:16+00:00\",\"description\":\"ITSupervision B.V. modernisierte das WLAN-Netzwerk von TVB mit der NETGEAR Business L\u00f6sung: Schnelle, sichere und zuverl\u00e4ssige Verbindung f\u00fcr 600 Nutzer in den Niederlanden. Erfolgreiche Partnerschaft f\u00fcr eine digitale Zukunft ohne Ausf\u00e4lle.\",\"breadcrumb\":{\"@id\":\"https:\\\/\\\/dehub.netgear.com\\\/de\\\/hub\\\/business\\\/case-studies\\\/it-case-studies\\\/itsupervision-und-netgear-business-gemeinsame-bereitstellung-herausragender-netzwerke\\\/#breadcrumb\"},\"inLanguage\":\"de\",\"potentialAction\":[{\"@type\":\"ReadAction\",\"target\":[\"https:\\\/\\\/dehub.netgear.com\\\/de\\\/hub\\\/business\\\/case-studies\\\/it-case-studies\\\/itsupervision-und-netgear-business-gemeinsame-bereitstellung-herausragender-netzwerke\\\/\"]}]},{\"@type\":\"ImageObject\",\"inLanguage\":\"de\",\"@id\":\"https:\\\/\\\/dehub.netgear.com\\\/de\\\/hub\\\/business\\\/case-studies\\\/it-case-studies\\\/itsupervision-und-netgear-business-gemeinsame-bereitstellung-herausragender-netzwerke\\\/#primaryimage\",\"url\":\"https:\\\/\\\/dehub.netgear.com\\\/de\\\/hub\\\/wp-content\\\/uploads\\\/2025\\\/09\\\/Vignette-ITsupervision-v2.webp\",\"contentUrl\":\"https:\\\/\\\/dehub.netgear.com\\\/de\\\/hub\\\/wp-content\\\/uploads\\\/2025\\\/09\\\/Vignette-ITsupervision-v2.webp\",\"width\":383,\"height\":288},{\"@type\":\"BreadcrumbList\",\"@id\":\"https:\\\/\\\/dehub.netgear.com\\\/de\\\/hub\\\/business\\\/case-studies\\\/it-case-studies\\\/itsupervision-und-netgear-business-gemeinsame-bereitstellung-herausragender-netzwerke\\\/#breadcrumb\",\"itemListElement\":[{\"@type\":\"ListItem\",\"position\":1,\"name\":\"Home\",\"item\":\"https:\\\/\\\/dehub.netgear.com\\\/de\\\/hub\\\/\"},{\"@type\":\"ListItem\",\"position\":2,\"name\":\"Business Articles Hub\",\"item\":\"https:\\\/\\\/dehub.netgear.com\\\/de\\\/hub\\\/business\\\/\"},{\"@type\":\"ListItem\",\"position\":3,\"name\":\"All Case Studies &#8211; DE\",\"item\":\"https:\\\/\\\/dehub.netgear.com\\\/de\\\/hub\\\/business\\\/case-studies\\\/\"},{\"@type\":\"ListItem\",\"position\":4,\"name\":\"IT-Fallstudien\",\"item\":\"https:\\\/\\\/dehub.netgear.com\\\/de\\\/hub\\\/business\\\/case-studies\\\/it-case-studies\\\/\"},{\"@type\":\"ListItem\",\"position\":5,\"name\":\"ITSupervision und NETGEAR Business\"}]},{\"@type\":\"WebSite\",\"@id\":\"https:\\\/\\\/dehub.netgear.com\\\/de\\\/hub\\\/#website\",\"url\":\"https:\\\/\\\/dehub.netgear.com\\\/de\\\/hub\\\/\",\"name\":\"NETGEAR\",\"description\":\"Erkunden Sie unsere Hub-Seiten und st\u00f6bern Sie in Artikeln, um mehr \u00fcber NETGEAR Produkte und Technologien zu erfahren.\",\"publisher\":{\"@id\":\"https:\\\/\\\/dehub.netgear.com\\\/de\\\/hub\\\/#organization\"},\"potentialAction\":[{\"@type\":\"SearchAction\",\"target\":{\"@type\":\"EntryPoint\",\"urlTemplate\":\"https:\\\/\\\/dehub.netgear.com\\\/de\\\/hub\\\/?s={search_term_string}\"},\"query-input\":{\"@type\":\"PropertyValueSpecification\",\"valueRequired\":true,\"valueName\":\"search_term_string\"}}],\"inLanguage\":\"de\"},{\"@type\":\"Organization\",\"@id\":\"https:\\\/\\\/dehub.netgear.com\\\/de\\\/hub\\\/#organization\",\"name\":\"NETGEAR\",\"url\":\"https:\\\/\\\/dehub.netgear.com\\\/de\\\/hub\\\/\",\"logo\":{\"@type\":\"ImageObject\",\"inLanguage\":\"de\",\"@id\":\"https:\\\/\\\/dehub.netgear.com\\\/de\\\/hub\\\/#\\\/schema\\\/logo\\\/image\\\/\",\"url\":\"https:\\\/\\\/www.dehub.netgear.com\\\/de\\\/hub\\\/wp-content\\\/uploads\\\/2019\\\/07\\\/NETGEAR_logo.jpg\",\"contentUrl\":\"https:\\\/\\\/www.dehub.netgear.com\\\/de\\\/hub\\\/wp-content\\\/uploads\\\/2019\\\/07\\\/NETGEAR_logo.jpg\",\"width\":1500,\"height\":501,\"caption\":\"NETGEAR\"},\"image\":{\"@id\":\"https:\\\/\\\/dehub.netgear.com\\\/de\\\/hub\\\/#\\\/schema\\\/logo\\\/image\\\/\"},\"sameAs\":[\"https:\\\/\\\/www.facebook.com\\\/NetgearAU\\\/\",\"https:\\\/\\\/x.com\\\/NETGEAR\",\"https:\\\/\\\/www.linkedin.com\\\/company\\\/netgear\"]}]}<\/script>\n<!-- \/ Yoast SEO plugin. -->","yoast_head_json":{"title":"ITSupervision und NETGEAR Business - NETGEAR Hub","description":"ITSupervision B.V. modernisierte das WLAN-Netzwerk von TVB mit der NETGEAR Business L\u00f6sung: Schnelle, sichere und zuverl\u00e4ssige Verbindung f\u00fcr 600 Nutzer in den Niederlanden. Erfolgreiche Partnerschaft f\u00fcr eine digitale Zukunft ohne Ausf\u00e4lle.","robots":{"index":"index","follow":"follow","max-snippet":"max-snippet:-1","max-image-preview":"max-image-preview:large","max-video-preview":"max-video-preview:-1"},"canonical":"https:\/\/dehub.netgear.com\/de\/hub\/business\/case-studies\/it-case-studies\/itsupervision-und-netgear-business-gemeinsame-bereitstellung-herausragender-netzwerke\/","og_locale":"de_DE","og_type":"article","og_title":"ITSupervision und NETGEAR Business - NETGEAR Hub","og_description":"ITSupervision B.V. modernisierte das WLAN-Netzwerk von TVB mit der NETGEAR Business L\u00f6sung: Schnelle, sichere und zuverl\u00e4ssige Verbindung f\u00fcr 600 Nutzer in den Niederlanden. Erfolgreiche Partnerschaft f\u00fcr eine digitale Zukunft ohne Ausf\u00e4lle.","og_url":"https:\/\/dehub.netgear.com\/de\/hub\/business\/case-studies\/it-case-studies\/itsupervision-und-netgear-business-gemeinsame-bereitstellung-herausragender-netzwerke\/","og_site_name":"NETGEAR Hub","article_publisher":"https:\/\/www.facebook.com\/NetgearAU\/","article_modified_time":"2025-11-25T19:19:16+00:00","og_image":[{"width":383,"height":288,"url":"https:\/\/dehub.netgear.com\/de\/hub\/wp-content\/uploads\/2025\/09\/Vignette-ITsupervision-v2.webp","type":"image\/webp"}],"twitter_card":"summary_large_image","twitter_site":"@NETGEAR","schema":{"@context":"https:\/\/schema.org","@graph":[{"@type":"WebPage","@id":"https:\/\/dehub.netgear.com\/de\/hub\/business\/case-studies\/it-case-studies\/itsupervision-und-netgear-business-gemeinsame-bereitstellung-herausragender-netzwerke\/","url":"https:\/\/dehub.netgear.com\/de\/hub\/business\/case-studies\/it-case-studies\/itsupervision-und-netgear-business-gemeinsame-bereitstellung-herausragender-netzwerke\/","name":"ITSupervision und NETGEAR Business - NETGEAR Hub","isPartOf":{"@id":"https:\/\/dehub.netgear.com\/de\/hub\/#website"},"primaryImageOfPage":{"@id":"https:\/\/dehub.netgear.com\/de\/hub\/business\/case-studies\/it-case-studies\/itsupervision-und-netgear-business-gemeinsame-bereitstellung-herausragender-netzwerke\/#primaryimage"},"image":{"@id":"https:\/\/dehub.netgear.com\/de\/hub\/business\/case-studies\/it-case-studies\/itsupervision-und-netgear-business-gemeinsame-bereitstellung-herausragender-netzwerke\/#primaryimage"},"thumbnailUrl":"https:\/\/dehub.netgear.com\/de\/hub\/wp-content\/uploads\/2025\/09\/Vignette-ITsupervision-v2.webp","datePublished":"2025-04-14T14:24:05+00:00","dateModified":"2025-11-25T19:19:16+00:00","description":"ITSupervision B.V. modernisierte das WLAN-Netzwerk von TVB mit der NETGEAR Business L\u00f6sung: Schnelle, sichere und zuverl\u00e4ssige Verbindung f\u00fcr 600 Nutzer in den Niederlanden. Erfolgreiche Partnerschaft f\u00fcr eine digitale Zukunft ohne Ausf\u00e4lle.","breadcrumb":{"@id":"https:\/\/dehub.netgear.com\/de\/hub\/business\/case-studies\/it-case-studies\/itsupervision-und-netgear-business-gemeinsame-bereitstellung-herausragender-netzwerke\/#breadcrumb"},"inLanguage":"de","potentialAction":[{"@type":"ReadAction","target":["https:\/\/dehub.netgear.com\/de\/hub\/business\/case-studies\/it-case-studies\/itsupervision-und-netgear-business-gemeinsame-bereitstellung-herausragender-netzwerke\/"]}]},{"@type":"ImageObject","inLanguage":"de","@id":"https:\/\/dehub.netgear.com\/de\/hub\/business\/case-studies\/it-case-studies\/itsupervision-und-netgear-business-gemeinsame-bereitstellung-herausragender-netzwerke\/#primaryimage","url":"https:\/\/dehub.netgear.com\/de\/hub\/wp-content\/uploads\/2025\/09\/Vignette-ITsupervision-v2.webp","contentUrl":"https:\/\/dehub.netgear.com\/de\/hub\/wp-content\/uploads\/2025\/09\/Vignette-ITsupervision-v2.webp","width":383,"height":288},{"@type":"BreadcrumbList","@id":"https:\/\/dehub.netgear.com\/de\/hub\/business\/case-studies\/it-case-studies\/itsupervision-und-netgear-business-gemeinsame-bereitstellung-herausragender-netzwerke\/#breadcrumb","itemListElement":[{"@type":"ListItem","position":1,"name":"Home","item":"https:\/\/dehub.netgear.com\/de\/hub\/"},{"@type":"ListItem","position":2,"name":"Business Articles Hub","item":"https:\/\/dehub.netgear.com\/de\/hub\/business\/"},{"@type":"ListItem","position":3,"name":"All Case Studies &#8211; DE","item":"https:\/\/dehub.netgear.com\/de\/hub\/business\/case-studies\/"},{"@type":"ListItem","position":4,"name":"IT-Fallstudien","item":"https:\/\/dehub.netgear.com\/de\/hub\/business\/case-studies\/it-case-studies\/"},{"@type":"ListItem","position":5,"name":"ITSupervision und NETGEAR Business"}]},{"@type":"WebSite","@id":"https:\/\/dehub.netgear.com\/de\/hub\/#website","url":"https:\/\/dehub.netgear.com\/de\/hub\/","name":"NETGEAR","description":"Erkunden Sie unsere Hub-Seiten und st\u00f6bern Sie in Artikeln, um mehr \u00fcber NETGEAR Produkte und Technologien zu erfahren.","publisher":{"@id":"https:\/\/dehub.netgear.com\/de\/hub\/#organization"},"potentialAction":[{"@type":"SearchAction","target":{"@type":"EntryPoint","urlTemplate":"https:\/\/dehub.netgear.com\/de\/hub\/?s={search_term_string}"},"query-input":{"@type":"PropertyValueSpecification","valueRequired":true,"valueName":"search_term_string"}}],"inLanguage":"de"},{"@type":"Organization","@id":"https:\/\/dehub.netgear.com\/de\/hub\/#organization","name":"NETGEAR","url":"https:\/\/dehub.netgear.com\/de\/hub\/","logo":{"@type":"ImageObject","inLanguage":"de","@id":"https:\/\/dehub.netgear.com\/de\/hub\/#\/schema\/logo\/image\/","url":"https:\/\/www.dehub.netgear.com\/de\/hub\/wp-content\/uploads\/2019\/07\/NETGEAR_logo.jpg","contentUrl":"https:\/\/www.dehub.netgear.com\/de\/hub\/wp-content\/uploads\/2019\/07\/NETGEAR_logo.jpg","width":1500,"height":501,"caption":"NETGEAR"},"image":{"@id":"https:\/\/dehub.netgear.com\/de\/hub\/#\/schema\/logo\/image\/"},"sameAs":["https:\/\/www.facebook.com\/NetgearAU\/","https:\/\/x.com\/NETGEAR","https:\/\/www.linkedin.com\/company\/netgear"]}]}},"_links":{"self":[{"href":"https:\/\/dehub.netgear.com\/de\/hub\/wp-json\/wp\/v2\/pages\/10186","targetHints":{"allow":["GET"]}}],"collection":[{"href":"https:\/\/dehub.netgear.com\/de\/hub\/wp-json\/wp\/v2\/pages"}],"about":[{"href":"https:\/\/dehub.netgear.com\/de\/hub\/wp-json\/wp\/v2\/types\/page"}],"author":[{"embeddable":true,"href":"https:\/\/dehub.netgear.com\/de\/hub\/wp-json\/wp\/v2\/users\/94"}],"replies":[{"embeddable":true,"href":"https:\/\/dehub.netgear.com\/de\/hub\/wp-json\/wp\/v2\/comments?post=10186"}],"version-history":[{"count":7,"href":"https:\/\/dehub.netgear.com\/de\/hub\/wp-json\/wp\/v2\/pages\/10186\/revisions"}],"predecessor-version":[{"id":10538,"href":"https:\/\/dehub.netgear.com\/de\/hub\/wp-json\/wp\/v2\/pages\/10186\/revisions\/10538"}],"up":[{"embeddable":true,"href":"https:\/\/dehub.netgear.com\/de\/hub\/wp-json\/wp\/v2\/pages\/10318"}],"wp:featuredmedia":[{"embeddable":true,"href":"https:\/\/dehub.netgear.com\/de\/hub\/wp-json\/wp\/v2\/media\/10495"}],"wp:attachment":[{"href":"https:\/\/dehub.netgear.com\/de\/hub\/wp-json\/wp\/v2\/media?parent=10186"}],"curies":[{"name":"wp","href":"https:\/\/api.w.org\/{rel}","templated":true}]}}