{"id":10173,"date":"2025-04-08T15:16:41","date_gmt":"2025-04-08T13:16:41","guid":{"rendered":"https:\/\/dehub.netgear.com\/de\/hub\/business\/av\/battlebots-destruct-a-thon-2\/"},"modified":"2025-09-05T19:06:40","modified_gmt":"2025-09-05T17:06:40","slug":"tech-design-x-die-fe-basis-des-tokyo-broadcasting-system","status":"publish","type":"page","link":"https:\/\/dehub.netgear.com\/de\/hub\/business\/case-studies\/av-case-studies\/tech-design-x-die-fe-basis-des-tokyo-broadcasting-system\/","title":{"rendered":"Tech Design X, die F+E-Basis des Tokyo Broadcasting System, nutzt die Vorteile der AV-over-IP-Switches"},"content":{"rendered":"    <div class=\"table-of-content bg-gray\">\n        <p><strong>IN THIS ARTICLE<\/strong><\/p>\n        <ul>\n                        <li><a href=\"#topic2\">VERBESSERTE INHALTSERSTELLUNG IN EINER OFFENEN EINRICHTUNG F\u00dcR INNOVATION-\/F+E<\/a><\/li>\n                        <li><a href=\"#topic3\">WEITERE EXPANSION IN DER ZUKUNFT<\/a><\/li>\n                    <\/ul>\n    <\/div>\n        <div id=\"topic1\" class=\"skip-item\">\n                        <p>Tech Design X, die F+E-Basis des Tokyo Broadcasting System, nutzt die Vorteile der AV-over-IP-Switches von NETGEAR, um Inhalte f\u00fcr die Zukunft zu erstellen<\/p>\n<p>Bei Live-Sport in Japan denken viele Menschen an beliebte Sportarten wie Baseball, Fu\u00dfball, Golf und Ekiden (einen japanischen Langstrecken-Staffellauf), die von Fernsehsendern \u00fcbertragen werden. Dank des Senders RTV in Osaka ist es jetzt jedoch online m\u00f6glich, sich verschiedene Sportwettbewerbe live anzusehen. Neben der Produktion von Livestreams bietet das Unternehmen u. a. Beratungsdienste f\u00fcr Videodistribution, Distributions-Medienmanagement und Personalentwicklung an.<\/p>\n<p>2023 errichtete RTV in der Hauptniederlassung in Osaka einen Kontrollraum f\u00fcr Fernproduktionen, in dessen Zentrum der KAIROS IP-Produktions-Switcher von Panasonic Connect steht. F\u00fcr die Verarbeitung von SMPTE ST 2110 und anderen Signalen fiel die Wahl auf den Fully Managed Switch M4350-16V4C von NETGEAR, da er eine pr\u00e4zise Zeitsteuerung gew\u00e4hrleistet.<\/p>\n<p>Wir fragten Sota Suzawa, President von RTV, nach den Vorteilen von NETGEAR Produkten und nach der aktuellen und zuk\u00fcnftigen Vision von AV-over-IP beim Online-Live-Streaming.<\/p>\n<div style=\"background-color: #eeeeee;padding: 20px;width: 33%;float: right\">\n<p><strong>Firmenname: <\/strong><br \/>\nTokyo Broadcasting Systems<\/p>\n<p><strong>Branche:<\/strong><br \/>\nFernsehen<\/p>\n<p><strong>Website des Unternehmens:<\/strong><br \/>\n<a href=\"https:\/\/www.techdesignlab.net\/X\">techdesignlab.net\/X<\/a><\/p>\n<p><strong>Geographische Region:<\/strong><br \/>\nTokio, Japan<\/p>\n<\/div>\n    <\/div>\n        <div id=\"topic2\" class=\"skip-item\">\n                        <h2>VERBESSERTE INHALTSERSTELLUNG IN EINER OFFENEN EINRICHTUNG F\u00dcR INNOVATION-\/F+E<\/h2>\n                <p>Tech Design X wird von der Tokyo Broadcasting System (TBS) Group in Akasaka in Tokio betrieben und widmet sich der Innovation. Ende M\u00e4rz 2023 wurde die Einrichtung als F+E-Basis er\u00f6ffnet. Sie m\u00f6chte Inhalte f\u00fcr die Zukunft erstellen und modernste Technologie und optimales Design miteinander kombinieren, ohne sich durch die Rahmenbedingungen der herk\u00f6mmlichen Sendetechnik einschr\u00e4nken zu lassen.<\/p>\n<p>Das Personal von Tech Design X setzt sich aus technischen und k\u00fcnstlerischen Mitarbeitern der TBS Group zusammen. Die offene Atmosph\u00e4re bei Tech Design X dient als Grundlage f\u00fcr fortschrittliche und innovative Initiativen wie Fernprogrammproduktion, virtuelle Produktion, Kameraverfolgungstests und<br \/>\nregul\u00e4re Arbeitsschritte wie die Produktion von Computergrafiken (CG) und Videobearbeitung.<\/p>\n<p>Bei der Fernproduktion werden ein entfernter Zielort und ein Studio \u00fcber ein IP-Netzwerk verbunden. Das Studio kann die Kamera aus der Ferne steuern und das Video ausschalten, wodurch weniger Ausr\u00fcstung und Personal zum entfernten Zielort entsandt werden m\u00fcssen.<\/p>\n<p>Bei der virtuellen Produktion wird im Studio eine zusammengesetzte Szene aufgenommen, die aus computergenerierten Bildern (CG) auf einem gro\u00dfen, hochaufl\u00f6senden LEDBildschirm im Hintergrund und einem Live-<br \/>\nVordergrundbild besteht. Mit diesem Verfahren lassen sich realistischere Kompositbilder als beim herk\u00f6mmlichen Chroma Key Compositing erzeugen.<\/p>\n<p><img loading=\"lazy\" decoding=\"async\" class=\"size-medium wp-image-10171 alignleft\" src=\"https:\/\/dehub.netgear.com\/de\/hub\/wp-content\/uploads\/2025\/04\/visuel-Tech-Design-X-300x225.jpg\" alt=\"\" width=\"300\" height=\"225\" srcset=\"https:\/\/dehub.netgear.com\/de\/hub\/wp-content\/uploads\/2025\/04\/visuel-Tech-Design-X-300x225.jpg 300w, https:\/\/dehub.netgear.com\/de\/hub\/wp-content\/uploads\/2025\/04\/visuel-Tech-Design-X-1024x768.jpg 1024w, https:\/\/dehub.netgear.com\/de\/hub\/wp-content\/uploads\/2025\/04\/visuel-Tech-Design-X-768x576.jpg 768w, https:\/\/dehub.netgear.com\/de\/hub\/wp-content\/uploads\/2025\/04\/visuel-Tech-Design-X-383x288.jpg 383w, https:\/\/dehub.netgear.com\/de\/hub\/wp-content\/uploads\/2025\/04\/visuel-Tech-Design-X.jpg 1250w\" sizes=\"auto, (max-width: 300px) 100vw, 300px\" \/>Tomomi Nagayama von der Abteilung Future Technology Design des Media Technology Bureau von TBS Television erkl\u00e4rt den Hintergrund, der zur Gr\u00fcndung von Tech Design X gef\u00fchrt hat. \u201eGem\u00e4\u00df der Vision der Unternehmensleitung der TBS Group f\u00fcr 2030 ist es an der Zeit, Inhalte \u00fcber die Grenzen der traditionellen Sendetechnik hinaus zu verbreiten. Unser zentraler Wert ist die Erstellung von Inhalten, und wir werden unsere diesbez\u00fcglichen F\u00e4higkeiten \u00fcber die herk\u00f6mmlichen terrestrischen Sendungen hinaus erweitern. Vor diesem Hintergrund wurde Tech Design X als ein Raum f\u00fcr Innovation geschaffen\u201c, meint sie.<\/p>\n<p>Tech Design X arbeitet mit der TBS Group und externen Unternehmen, Universit\u00e4ten, anderen Forschungs-\/Bildungseinrichtungen, freiberuflichen Technikern, YouTubern und Studierenden zusammen. Neben der Pr\u00e4sentation von Technologie zur Inhaltserstellung f\u00fchrt die Einrichtung Veranstaltungen f\u00fcr die \u00d6ffentlichkeit durch, z. B. Hackathons, Schnuppersitzungen f\u00fcr neue Technologie und Pr\u00e4sentationen der Ergebnisse von F+E. Die Anlagen sind \u00fcber ein IP-Netzwerk miteinander verbunden, was die \u00dcbertragung und Steuerung von Video- und Audiodaten erm\u00f6glicht.<\/p>\n<p>Damit die ehrgeizigen Programme Wirklichkeit werden k\u00f6nnen, sind derzeit zwei NETGEAR AV-Switches installiert. Der erste Switch, ein M4250-40G8F-PoE+ (GSM4248P), wurde bei der Er\u00f6ffnung der Anlage im Fr\u00fchjahr 2023 installiert. Taku Hara, der an der Auswahl der Netzwerkger\u00e4te beteiligt war, sagt jedoch: \u201eIn der Auswahlphase wusste ich von NETGEAR nicht einmal den Namen.\u201c<\/p>\n<p>Tech Design X wird manchmal als Fernproduktionsstudio verwendet, das NDI als Video-\u00dcbertragungsprotokoll verwendet. Da auf NETGEAR AV-Switches Netzwerkeinstellungen (Profile) vorinstalliert sind, die f\u00fcr NDI optimiert sind, stellte das Team fest, dass es mit nur einem Klick die optimalen Einstellungen f\u00fcr NDI vornehmen konnte.<\/p>\n<p>\u201eIn der Auswahlphase haben wir uns Produkte verschiedener Hersteller angesehen, und man sagte mir, dass NETGEAR \u00fcber einen ,NDI Ready\u2018-Switch verf\u00fcgt. Kein anderer Hersteller hat einen Switch, der speziell f\u00fcr die Videobranche entwickelt wurde, aber NETGEAR schien ein Produkt zu haben, das unsere Anforderungen erf\u00fcllt\u201c, erkl\u00e4rt Hara.<\/p>\n<p>Zuvor wurde ein Switch eines anderen Unternehmens f\u00fcr die Video\u00fcbertragung verwendet, aber es war schwierig, den Betriebsstatus des Switches zu verstehen, da daf\u00fcr eine Befehlszeilen- Operation erforderlich war. \u201eEs war schwierig, die Ursache eines Problems zu isolieren\u201c, erinnert er sich. Die NETGEAR AV-Switches sind mit einer Web-GUI ausgestattet, die auf AV-Installationen<br \/>\nausgerichtet ist und Benutzern die Leistung und den Verkehrsstatus des Switches auf einen Blick anzeigt.<\/p>\n<p>\u201eWenn das Video in einer Netzwerk\u00fcbertragung besch\u00e4digt ist, kann das durch verschiedene Faktoren wie Switches, Netzwerke, Encoder usw. verursacht werden. Aber mit dem Switch, den wir vorher hatten, konnte ich die Ursache nicht eingrenzen. Bei NETGEAR lassen sich die CPU-Auslastung und die Anzahl der Paketverluste leicht auf dem Verwaltungsbildschirm kontrollieren, und es ist daher einfach, die Ursache zu isolieren. Das f\u00fchrt zur L\u00f6sung von Problemen und zuk\u00fcnftigen Verbesserungen\u201c, meint Hara.<\/p>\n<p>Die Aussage eines Bekannten in der Branche, dass \u201eNETGEAR Switches schwer kaputt zu kriegen sind\u201c, war ebenfalls ein positives Argument. \u201eDas ist zwar keine quantitative Bewertung, aber es gibt mir ein sicheres Gef\u00fchl, wenn die Ger\u00e4te diesen Ruf haben\u201c, lacht Hara.<\/p>\n<p>Der Switch unterst\u00fctzt au\u00dferdem PoE+-Strom mit einem Gesamt- Leistungsbudget von 480 W und l\u00e4sst sich einfach an NETGEAR WLAN-Access-Points, deckenmontierten PTZ-Kameras, Lautsprechern<br \/>\nund mehr anschlie\u00dfen. \u201eWichtig ist au\u00dferdem, dass (mit PoE) keine separate Verkabelung f\u00fcr das Netzwerk und die Stromversorgung erforderlich ist\u201c, f\u00fcgt Hara hinzu.<\/p>\n    <\/div>\n        <div id=\"topic3\" class=\"skip-item\">\n                        <h2>WEITERE EXPANSION IN DER ZUKUNFT<\/h2>\n                <p><img loading=\"lazy\" decoding=\"async\" class=\"size-medium wp-image-10172 alignleft\" src=\"https:\/\/dehub.netgear.com\/de\/hub\/wp-content\/uploads\/2025\/04\/visuel-Tech-Design-X-2-300x169.jpg\" alt=\"\" width=\"300\" height=\"169\" srcset=\"https:\/\/dehub.netgear.com\/de\/hub\/wp-content\/uploads\/2025\/04\/visuel-Tech-Design-X-2-300x169.jpg 300w, https:\/\/dehub.netgear.com\/de\/hub\/wp-content\/uploads\/2025\/04\/visuel-Tech-Design-X-2-768x433.jpg 768w, https:\/\/dehub.netgear.com\/de\/hub\/wp-content\/uploads\/2025\/04\/visuel-Tech-Design-X-2.jpg 886w\" sizes=\"auto, (max-width: 300px) 100vw, 300px\" \/>Der zweite Switch, der in der Installation verwendet wird, ist ein M4350-40X4C (XSM4344C) mit 10G\/Multi-Gig PoE++-Funktionen. Er kam im Februar 2024 hinzu. Der zus\u00e4tzliche Multi-Gigabit-Switch wurde installiert, um bei der \u00dcbertragung der umfangreichen Videodaten an das verwendete NAS-Ger\u00e4t (Network Attached Storage) zu helfen.<\/p>\n<p>NETGEAR hat vor kurzem bekannt gegeben, dass dieses Modell eines von zweien in der M4350-Serie ist, die SMPTE ST 2110 (den IP\u00dcbertragungsstandard f\u00fcr Video\u00fcbertragungsanlagen) unterst\u00fctzen. Andere Anforderungen, wie z. B. die Anzahl der Anschl\u00fcsse und die PoE++-Kapazit\u00e4t, machten diesen Switch zur perfekten Wahl.<\/p>\n<p>\u201eDie Sendebranche befindet sich derzeit in einer \u00dcbergangsphase, weg von Videodaten \u00fcber Koaxialkabel und hin zur unkomprimierten Video\u00fcbertragung \u00fcber IP-Netzwerke\u201c, erkl\u00e4rt Hara. \u201eSelbst bei Tech Design X wird erwartet, dass es in Zukunft mehr Experimente mit SMPTE geben wird, und ich dachte, dass die Einf\u00fchrung dieses Switch eine kluge Investition w\u00e4re.\u201c<\/p>\n<p>F\u00fcr den wachsenden Bedarf an ultraschnellem WLAN installierte Tech Design X au\u00dferdem den NETGEAR WAX630E AXE7800 WiFi 6E Access Point. Dieses Tri-Band-Ger\u00e4t bietet eine h\u00f6here Leistung,<br \/>\ngeringere Latenz und schnellere Datenraten und erstreckt sich f\u00fcr eine erweiterte Spektralkapazit\u00e4t bis in das neue 6 GHz-Band.<\/p>\n<p>Tech Design X ist eine F+E-Einrichtung, die kontinuierlich zur Forschung und Entwicklung beispielloser und innovativer Inhalts-Produktionstechnologien beitr\u00e4gt. Herr Nagayama meint: \u201eIch glaube, es war gut, dass wir ein Netzwerk eingef\u00fchrt haben, mit dem wir alles tun k\u00f6nnen, damit die M\u00f6glichkeit einer zuk\u00fcnftigen Expansion offen bleibt.\u201c<\/p>\n<p>Optische Kabel verbinden das Netzwerk bei Tech Design X mit anderen Stockwerken des Geb\u00e4udes sowie mit dem TBS Broadcasting Center, einem im Bau befindlichen neuen Geb\u00e4ude, und dem Akasaka-Sacas-Platz.<\/p>\n<p>Wenn SMPTE ST 2110 in Zukunft weiter unterst\u00fctzt wird, ist es auch m\u00f6glich, Videos von diesen Standorten \u00fcber IP zu \u00fcbertragen und Programme und Veranstaltungen mit Tech Design X zu betreiben. Tech Design X und die ProAV-Switches von NETGEAR werden wahrscheinlich eine wichtige Rolle dabei spielen, Unterhaltung in der Stadt Akasaka bereitzustellen.<\/p>\n    <\/div>\n        <div id=\"topic4\" class=\"skip-item\">\n                        <div style=\"background-color: #eeeeee;padding: 20px;width: 100%\">\n<p><strong>Dieses Projekt inspiriert Sie?<\/strong><br \/>\nKontaktieren Sie unser ProAV-Team und besprechen Sie Ihr Projekt mit unseren AV-Experten:<br \/>\n<button style=\"font-size: 18px\"><a href=\"mailto:ProAVDesign@netgear.com\"><strong>ProAVDesign@netgear.com<\/strong><\/a><\/button><\/p>\n<p>Oder w\u00fcnschen Sie einen R\u00fcckruf?<br \/>\n<button style=\"font-size: 18px\"><a href=\"https:\/\/www.netgear.com\/de\/business\/av\/services\/proav-designsupport\/#contactformsupport\"><strong>Kontaktieren Sie mich<\/strong><\/a><\/button><\/p>\n<p>Mehr erfahren:<br \/>\n<button style=\"font-size: 18px\"><a href=\"https:\/\/www.downloads.netgear.com\/files\/GDC\/M4350\/M4350_Datasheet.pdf\"><strong>Datenblatt M4350<\/strong><\/a><\/button><\/p>\n<\/div>\n    <\/div>\n        <div id=\"topic5\" class=\"skip-item\">\n                            <\/div>\n    \n","protected":false},"excerpt":{"rendered":"","protected":false},"author":90,"featured_media":10170,"parent":10321,"menu_order":19,"comment_status":"closed","ping_status":"closed","template":"templates\/blog-wifi.php","meta":{"_acf_changed":false,"footnotes":""},"class_list":["post-10173","page","type-page","status-publish","has-post-thumbnail","hentry"],"acf":[],"yoast_head":"<!-- This site is optimized with the Yoast SEO plugin v27.4 - https:\/\/yoast.com\/product\/yoast-seo-wordpress\/ -->\n<title>Tech Design X, die F+E-Basis des Tokyo Broadcasting System, nutzt die Vorteile der AV-over-IP-Switches - NETGEAR Hub<\/title>\n<meta name=\"description\" content=\"Tech Design X, die F+E-Basis des Tokyo BroadcastingSystem\" \/>\n<meta name=\"robots\" content=\"index, follow, max-snippet:-1, max-image-preview:large, max-video-preview:-1\" \/>\n<link rel=\"canonical\" href=\"https:\/\/dehub.netgear.com\/de\/hub\/business\/case-studies\/av-case-studies\/tech-design-x-die-fe-basis-des-tokyo-broadcasting-system\/\" \/>\n<meta property=\"og:locale\" content=\"de_DE\" \/>\n<meta property=\"og:type\" content=\"article\" \/>\n<meta property=\"og:title\" content=\"Tech Design X, die F+E-Basis des Tokyo Broadcasting System, nutzt die Vorteile der AV-over-IP-Switches - NETGEAR Hub\" \/>\n<meta property=\"og:description\" content=\"Tech Design X, die F+E-Basis des Tokyo BroadcastingSystem\" \/>\n<meta property=\"og:url\" content=\"https:\/\/dehub.netgear.com\/de\/hub\/business\/case-studies\/av-case-studies\/tech-design-x-die-fe-basis-des-tokyo-broadcasting-system\/\" \/>\n<meta property=\"og:site_name\" content=\"NETGEAR Hub\" \/>\n<meta property=\"article:publisher\" content=\"https:\/\/www.facebook.com\/NetgearAU\/\" \/>\n<meta property=\"article:modified_time\" content=\"2025-09-05T17:06:40+00:00\" \/>\n<meta property=\"og:image\" content=\"https:\/\/dehub.netgear.com\/de\/hub\/wp-content\/uploads\/2025\/04\/Vignette-TechDesignX.png\" \/>\n\t<meta property=\"og:image:width\" content=\"350\" \/>\n\t<meta property=\"og:image:height\" content=\"320\" \/>\n\t<meta property=\"og:image:type\" content=\"image\/png\" \/>\n<meta name=\"twitter:card\" content=\"summary_large_image\" \/>\n<meta name=\"twitter:site\" content=\"@NETGEAR\" \/>\n<script type=\"application\/ld+json\" class=\"yoast-schema-graph\">{\"@context\":\"https:\\\/\\\/schema.org\",\"@graph\":[{\"@type\":\"WebPage\",\"@id\":\"https:\\\/\\\/dehub.netgear.com\\\/de\\\/hub\\\/business\\\/case-studies\\\/av-case-studies\\\/tech-design-x-die-fe-basis-des-tokyo-broadcasting-system\\\/\",\"url\":\"https:\\\/\\\/dehub.netgear.com\\\/de\\\/hub\\\/business\\\/case-studies\\\/av-case-studies\\\/tech-design-x-die-fe-basis-des-tokyo-broadcasting-system\\\/\",\"name\":\"Tech Design X, die F+E-Basis des Tokyo Broadcasting System, nutzt die Vorteile der AV-over-IP-Switches - NETGEAR Hub\",\"isPartOf\":{\"@id\":\"https:\\\/\\\/dehub.netgear.com\\\/de\\\/hub\\\/#website\"},\"primaryImageOfPage\":{\"@id\":\"https:\\\/\\\/dehub.netgear.com\\\/de\\\/hub\\\/business\\\/case-studies\\\/av-case-studies\\\/tech-design-x-die-fe-basis-des-tokyo-broadcasting-system\\\/#primaryimage\"},\"image\":{\"@id\":\"https:\\\/\\\/dehub.netgear.com\\\/de\\\/hub\\\/business\\\/case-studies\\\/av-case-studies\\\/tech-design-x-die-fe-basis-des-tokyo-broadcasting-system\\\/#primaryimage\"},\"thumbnailUrl\":\"https:\\\/\\\/dehub.netgear.com\\\/de\\\/hub\\\/wp-content\\\/uploads\\\/2025\\\/04\\\/Vignette-TechDesignX.png\",\"datePublished\":\"2025-04-08T13:16:41+00:00\",\"dateModified\":\"2025-09-05T17:06:40+00:00\",\"description\":\"Tech Design X, die F+E-Basis des Tokyo BroadcastingSystem\",\"breadcrumb\":{\"@id\":\"https:\\\/\\\/dehub.netgear.com\\\/de\\\/hub\\\/business\\\/case-studies\\\/av-case-studies\\\/tech-design-x-die-fe-basis-des-tokyo-broadcasting-system\\\/#breadcrumb\"},\"inLanguage\":\"de\",\"potentialAction\":[{\"@type\":\"ReadAction\",\"target\":[\"https:\\\/\\\/dehub.netgear.com\\\/de\\\/hub\\\/business\\\/case-studies\\\/av-case-studies\\\/tech-design-x-die-fe-basis-des-tokyo-broadcasting-system\\\/\"]}]},{\"@type\":\"ImageObject\",\"inLanguage\":\"de\",\"@id\":\"https:\\\/\\\/dehub.netgear.com\\\/de\\\/hub\\\/business\\\/case-studies\\\/av-case-studies\\\/tech-design-x-die-fe-basis-des-tokyo-broadcasting-system\\\/#primaryimage\",\"url\":\"https:\\\/\\\/dehub.netgear.com\\\/de\\\/hub\\\/wp-content\\\/uploads\\\/2025\\\/04\\\/Vignette-TechDesignX.png\",\"contentUrl\":\"https:\\\/\\\/dehub.netgear.com\\\/de\\\/hub\\\/wp-content\\\/uploads\\\/2025\\\/04\\\/Vignette-TechDesignX.png\",\"width\":350,\"height\":320},{\"@type\":\"BreadcrumbList\",\"@id\":\"https:\\\/\\\/dehub.netgear.com\\\/de\\\/hub\\\/business\\\/case-studies\\\/av-case-studies\\\/tech-design-x-die-fe-basis-des-tokyo-broadcasting-system\\\/#breadcrumb\",\"itemListElement\":[{\"@type\":\"ListItem\",\"position\":1,\"name\":\"Home\",\"item\":\"https:\\\/\\\/dehub.netgear.com\\\/de\\\/hub\\\/\"},{\"@type\":\"ListItem\",\"position\":2,\"name\":\"Business Articles Hub\",\"item\":\"https:\\\/\\\/dehub.netgear.com\\\/de\\\/hub\\\/business\\\/\"},{\"@type\":\"ListItem\",\"position\":3,\"name\":\"All Case Studies &#8211; DE\",\"item\":\"https:\\\/\\\/dehub.netgear.com\\\/de\\\/hub\\\/business\\\/case-studies\\\/\"},{\"@type\":\"ListItem\",\"position\":4,\"name\":\"AV Case Studies &#8211; DE\",\"item\":\"https:\\\/\\\/dehub.netgear.com\\\/de\\\/hub\\\/business\\\/case-studies\\\/av-case-studies\\\/\"},{\"@type\":\"ListItem\",\"position\":5,\"name\":\"Tech Design X, die F+E-Basis des Tokyo Broadcasting System, nutzt die Vorteile der AV-over-IP-Switches\"}]},{\"@type\":\"WebSite\",\"@id\":\"https:\\\/\\\/dehub.netgear.com\\\/de\\\/hub\\\/#website\",\"url\":\"https:\\\/\\\/dehub.netgear.com\\\/de\\\/hub\\\/\",\"name\":\"NETGEAR\",\"description\":\"Erkunden Sie unsere Hub-Seiten und st\u00f6bern Sie in Artikeln, um mehr \u00fcber NETGEAR Produkte und Technologien zu erfahren.\",\"publisher\":{\"@id\":\"https:\\\/\\\/dehub.netgear.com\\\/de\\\/hub\\\/#organization\"},\"potentialAction\":[{\"@type\":\"SearchAction\",\"target\":{\"@type\":\"EntryPoint\",\"urlTemplate\":\"https:\\\/\\\/dehub.netgear.com\\\/de\\\/hub\\\/?s={search_term_string}\"},\"query-input\":{\"@type\":\"PropertyValueSpecification\",\"valueRequired\":true,\"valueName\":\"search_term_string\"}}],\"inLanguage\":\"de\"},{\"@type\":\"Organization\",\"@id\":\"https:\\\/\\\/dehub.netgear.com\\\/de\\\/hub\\\/#organization\",\"name\":\"NETGEAR\",\"url\":\"https:\\\/\\\/dehub.netgear.com\\\/de\\\/hub\\\/\",\"logo\":{\"@type\":\"ImageObject\",\"inLanguage\":\"de\",\"@id\":\"https:\\\/\\\/dehub.netgear.com\\\/de\\\/hub\\\/#\\\/schema\\\/logo\\\/image\\\/\",\"url\":\"https:\\\/\\\/www.dehub.netgear.com\\\/de\\\/hub\\\/wp-content\\\/uploads\\\/2019\\\/07\\\/NETGEAR_logo.jpg\",\"contentUrl\":\"https:\\\/\\\/www.dehub.netgear.com\\\/de\\\/hub\\\/wp-content\\\/uploads\\\/2019\\\/07\\\/NETGEAR_logo.jpg\",\"width\":1500,\"height\":501,\"caption\":\"NETGEAR\"},\"image\":{\"@id\":\"https:\\\/\\\/dehub.netgear.com\\\/de\\\/hub\\\/#\\\/schema\\\/logo\\\/image\\\/\"},\"sameAs\":[\"https:\\\/\\\/www.facebook.com\\\/NetgearAU\\\/\",\"https:\\\/\\\/x.com\\\/NETGEAR\",\"https:\\\/\\\/www.linkedin.com\\\/company\\\/netgear\"]}]}<\/script>\n<!-- \/ Yoast SEO plugin. -->","yoast_head_json":{"title":"Tech Design X, die F+E-Basis des Tokyo Broadcasting System, nutzt die Vorteile der AV-over-IP-Switches - NETGEAR Hub","description":"Tech Design X, die F+E-Basis des Tokyo BroadcastingSystem","robots":{"index":"index","follow":"follow","max-snippet":"max-snippet:-1","max-image-preview":"max-image-preview:large","max-video-preview":"max-video-preview:-1"},"canonical":"https:\/\/dehub.netgear.com\/de\/hub\/business\/case-studies\/av-case-studies\/tech-design-x-die-fe-basis-des-tokyo-broadcasting-system\/","og_locale":"de_DE","og_type":"article","og_title":"Tech Design X, die F+E-Basis des Tokyo Broadcasting System, nutzt die Vorteile der AV-over-IP-Switches - NETGEAR Hub","og_description":"Tech Design X, die F+E-Basis des Tokyo BroadcastingSystem","og_url":"https:\/\/dehub.netgear.com\/de\/hub\/business\/case-studies\/av-case-studies\/tech-design-x-die-fe-basis-des-tokyo-broadcasting-system\/","og_site_name":"NETGEAR Hub","article_publisher":"https:\/\/www.facebook.com\/NetgearAU\/","article_modified_time":"2025-09-05T17:06:40+00:00","og_image":[{"width":350,"height":320,"url":"https:\/\/dehub.netgear.com\/de\/hub\/wp-content\/uploads\/2025\/04\/Vignette-TechDesignX.png","type":"image\/png"}],"twitter_card":"summary_large_image","twitter_site":"@NETGEAR","schema":{"@context":"https:\/\/schema.org","@graph":[{"@type":"WebPage","@id":"https:\/\/dehub.netgear.com\/de\/hub\/business\/case-studies\/av-case-studies\/tech-design-x-die-fe-basis-des-tokyo-broadcasting-system\/","url":"https:\/\/dehub.netgear.com\/de\/hub\/business\/case-studies\/av-case-studies\/tech-design-x-die-fe-basis-des-tokyo-broadcasting-system\/","name":"Tech Design X, die F+E-Basis des Tokyo Broadcasting System, nutzt die Vorteile der AV-over-IP-Switches - NETGEAR Hub","isPartOf":{"@id":"https:\/\/dehub.netgear.com\/de\/hub\/#website"},"primaryImageOfPage":{"@id":"https:\/\/dehub.netgear.com\/de\/hub\/business\/case-studies\/av-case-studies\/tech-design-x-die-fe-basis-des-tokyo-broadcasting-system\/#primaryimage"},"image":{"@id":"https:\/\/dehub.netgear.com\/de\/hub\/business\/case-studies\/av-case-studies\/tech-design-x-die-fe-basis-des-tokyo-broadcasting-system\/#primaryimage"},"thumbnailUrl":"https:\/\/dehub.netgear.com\/de\/hub\/wp-content\/uploads\/2025\/04\/Vignette-TechDesignX.png","datePublished":"2025-04-08T13:16:41+00:00","dateModified":"2025-09-05T17:06:40+00:00","description":"Tech Design X, die F+E-Basis des Tokyo BroadcastingSystem","breadcrumb":{"@id":"https:\/\/dehub.netgear.com\/de\/hub\/business\/case-studies\/av-case-studies\/tech-design-x-die-fe-basis-des-tokyo-broadcasting-system\/#breadcrumb"},"inLanguage":"de","potentialAction":[{"@type":"ReadAction","target":["https:\/\/dehub.netgear.com\/de\/hub\/business\/case-studies\/av-case-studies\/tech-design-x-die-fe-basis-des-tokyo-broadcasting-system\/"]}]},{"@type":"ImageObject","inLanguage":"de","@id":"https:\/\/dehub.netgear.com\/de\/hub\/business\/case-studies\/av-case-studies\/tech-design-x-die-fe-basis-des-tokyo-broadcasting-system\/#primaryimage","url":"https:\/\/dehub.netgear.com\/de\/hub\/wp-content\/uploads\/2025\/04\/Vignette-TechDesignX.png","contentUrl":"https:\/\/dehub.netgear.com\/de\/hub\/wp-content\/uploads\/2025\/04\/Vignette-TechDesignX.png","width":350,"height":320},{"@type":"BreadcrumbList","@id":"https:\/\/dehub.netgear.com\/de\/hub\/business\/case-studies\/av-case-studies\/tech-design-x-die-fe-basis-des-tokyo-broadcasting-system\/#breadcrumb","itemListElement":[{"@type":"ListItem","position":1,"name":"Home","item":"https:\/\/dehub.netgear.com\/de\/hub\/"},{"@type":"ListItem","position":2,"name":"Business Articles Hub","item":"https:\/\/dehub.netgear.com\/de\/hub\/business\/"},{"@type":"ListItem","position":3,"name":"All Case Studies &#8211; DE","item":"https:\/\/dehub.netgear.com\/de\/hub\/business\/case-studies\/"},{"@type":"ListItem","position":4,"name":"AV Case Studies &#8211; DE","item":"https:\/\/dehub.netgear.com\/de\/hub\/business\/case-studies\/av-case-studies\/"},{"@type":"ListItem","position":5,"name":"Tech Design X, die F+E-Basis des Tokyo Broadcasting System, nutzt die Vorteile der AV-over-IP-Switches"}]},{"@type":"WebSite","@id":"https:\/\/dehub.netgear.com\/de\/hub\/#website","url":"https:\/\/dehub.netgear.com\/de\/hub\/","name":"NETGEAR","description":"Erkunden Sie unsere Hub-Seiten und st\u00f6bern Sie in Artikeln, um mehr \u00fcber NETGEAR Produkte und Technologien zu erfahren.","publisher":{"@id":"https:\/\/dehub.netgear.com\/de\/hub\/#organization"},"potentialAction":[{"@type":"SearchAction","target":{"@type":"EntryPoint","urlTemplate":"https:\/\/dehub.netgear.com\/de\/hub\/?s={search_term_string}"},"query-input":{"@type":"PropertyValueSpecification","valueRequired":true,"valueName":"search_term_string"}}],"inLanguage":"de"},{"@type":"Organization","@id":"https:\/\/dehub.netgear.com\/de\/hub\/#organization","name":"NETGEAR","url":"https:\/\/dehub.netgear.com\/de\/hub\/","logo":{"@type":"ImageObject","inLanguage":"de","@id":"https:\/\/dehub.netgear.com\/de\/hub\/#\/schema\/logo\/image\/","url":"https:\/\/www.dehub.netgear.com\/de\/hub\/wp-content\/uploads\/2019\/07\/NETGEAR_logo.jpg","contentUrl":"https:\/\/www.dehub.netgear.com\/de\/hub\/wp-content\/uploads\/2019\/07\/NETGEAR_logo.jpg","width":1500,"height":501,"caption":"NETGEAR"},"image":{"@id":"https:\/\/dehub.netgear.com\/de\/hub\/#\/schema\/logo\/image\/"},"sameAs":["https:\/\/www.facebook.com\/NetgearAU\/","https:\/\/x.com\/NETGEAR","https:\/\/www.linkedin.com\/company\/netgear"]}]}},"_links":{"self":[{"href":"https:\/\/dehub.netgear.com\/de\/hub\/wp-json\/wp\/v2\/pages\/10173","targetHints":{"allow":["GET"]}}],"collection":[{"href":"https:\/\/dehub.netgear.com\/de\/hub\/wp-json\/wp\/v2\/pages"}],"about":[{"href":"https:\/\/dehub.netgear.com\/de\/hub\/wp-json\/wp\/v2\/types\/page"}],"author":[{"embeddable":true,"href":"https:\/\/dehub.netgear.com\/de\/hub\/wp-json\/wp\/v2\/users\/90"}],"replies":[{"embeddable":true,"href":"https:\/\/dehub.netgear.com\/de\/hub\/wp-json\/wp\/v2\/comments?post=10173"}],"version-history":[{"count":3,"href":"https:\/\/dehub.netgear.com\/de\/hub\/wp-json\/wp\/v2\/pages\/10173\/revisions"}],"predecessor-version":[{"id":10176,"href":"https:\/\/dehub.netgear.com\/de\/hub\/wp-json\/wp\/v2\/pages\/10173\/revisions\/10176"}],"up":[{"embeddable":true,"href":"https:\/\/dehub.netgear.com\/de\/hub\/wp-json\/wp\/v2\/pages\/10321"}],"wp:featuredmedia":[{"embeddable":true,"href":"https:\/\/dehub.netgear.com\/de\/hub\/wp-json\/wp\/v2\/media\/10170"}],"wp:attachment":[{"href":"https:\/\/dehub.netgear.com\/de\/hub\/wp-json\/wp\/v2\/media?parent=10173"}],"curies":[{"name":"wp","href":"https:\/\/api.w.org\/{rel}","templated":true}]}}