{"id":10163,"date":"2025-04-08T14:51:03","date_gmt":"2025-04-08T12:51:03","guid":{"rendered":"https:\/\/dehub.netgear.com\/de\/hub\/business\/av\/battlebots-destruct-a-thon-2\/"},"modified":"2025-10-13T09:25:44","modified_gmt":"2025-10-13T07:25:44","slug":"loreal-schonheit-trifft-auf-technologie","status":"publish","type":"page","link":"https:\/\/dehub.netgear.com\/de\/hub\/business\/case-studies\/av-case-studies\/loreal-schonheit-trifft-auf-technologie\/","title":{"rendered":"L&#8217;Or\u00e9al \u2013 Sch\u00f6nheit trifft auf Technologie"},"content":{"rendered":"    <div class=\"table-of-content bg-gray\">\n        <p><strong>IN THIS ARTICLE<\/strong><\/p>\n        <ul>\n                        <li><a href=\"#topic1\">L'Or\u00e9al \u2013 Sch\u00f6nheit trifft auf Technologie<\/a><\/li>\n                        <li><a href=\"#topic2\">Die Herausforderung<\/a><\/li>\n                        <li><a href=\"#topic3\">NETGEAR: Das Herzst\u00fcck der L\u00f6sung<\/a><\/li>\n                        <li><a href=\"#topic4\">Ergebnisse, die f\u00fcr sich sprechen<\/a><\/li>\n                        <li><a href=\"#topic5\">Die ganze Geschichte entdecken<\/a><\/li>\n                    <\/ul>\n    <\/div>\n        <div id=\"topic1\" class=\"skip-item\">\n                        <h2>L'Or\u00e9al \u2013 Sch\u00f6nheit trifft auf Technologie<\/h2>\n                <p>Im Herzen von Br\u00fcssel hat L\u2019Or\u00e9al neu definiert, was ein moderner Arbeitsplatz sein kann. Die neuen B\u00fcros im prestigetr\u00e4chtigen Quatuor-Geb\u00e4ude vereinen Sch\u00f6nheitskompetenz mit modernster Technologie \u2013 unterst\u00fctzt durch die Pro-AV-Netzwerkl\u00f6sungen von NETGEAR.<\/p>\n<div style=\"background-color: #eeeeee;padding: 20px;width: 33%;float: right\">\n<p><strong>Firmenname: <\/strong><br \/>\nL&#8217;Or\u00e9al<\/p>\n<p><strong>Branche:<\/strong><br \/>\nFernsehen<\/p>\n<p><strong>Website des Unternehmens:<\/strong><br \/>\n<a href=\"https:\/\/www.loreal.com\/en\/\">loreal.com\/en\/<\/a><\/p>\n<p><strong>Geographische Region:<\/strong><br \/>\nBr\u00fcssel<\/p>\n<\/div>\n    <\/div>\n        <div id=\"topic2\" class=\"skip-item\">\n                        <h2>Die Herausforderung<\/h2>\n                <p>L\u2019Or\u00e9al wollte auf mehreren Etagen eindrucksvolle R\u00e4ume schaffen, in denen Teams nahtlos zusammenarbeiten k\u00f6nnen \u2013 sowohl vor Ort als auch remote. Die Vision: eine immersive Umgebung mit intelligenten Videosystemen, die die Kommunikation verbessern und gleichzeitig eine anspruchsvolle \u00c4sthetik wahren.<\/p>\n<p>\u201eIn unserem Gesch\u00e4ft ist es wichtig, mit allen zu kommunizieren: Mitarbeitenden, Kunden und Klienten. Wir k\u00f6nnen nur die Besten sein, wenn wir die beste Technologie einsetzen\u201c, erkl\u00e4rt Olivier van Twembeke, Facility Manager Benelux bei L\u2019Or\u00e9al.<\/p>\n    <\/div>\n        <div id=\"topic3\" class=\"skip-item\">\n                        <h2>NETGEAR: Das Herzst\u00fcck der L\u00f6sung<\/h2>\n                <p>Zum Einsatz kommen zwei strategisch platzierte NETGEAR M4250-40G8XF-PoE+ Switches. Einer ist f\u00fcr den Multicast-Videoverkehr zust\u00e4ndig, der andere verwaltet alle nicht-Multicast-Daten. Das zentrale Technologiemerkmal ist die IGMP Plus-Funktionalit\u00e4t, die Netzwerkengp\u00e4sse verhindert, indem Multicast-Verkehr effizient begrenzt wird.<\/p>\n<p>\u201eDurch den Einsatz der NETGEAR Switches konnten wir einen Engpass beim Videoverkehr zwischen den Switches vermeiden\u201c, erkl\u00e4rt Jordi Bonte von AV Challenges. \u201eIGMP Plus ist einer der Gr\u00fcnde, warum ich ein Fan von NETGEAR bin.\u201c<\/p>\n    <\/div>\n        <div id=\"topic4\" class=\"skip-item\">\n                        <h2>Ergebnisse, die f\u00fcr sich sprechen<\/h2>\n                <p>Seit der Fertigstellung Ende 2024 l\u00e4uft die Installation reibungslos \u2013 ohne jegliche Support-Anfragen. Ein klares Zeichen f\u00fcr die Robustheit und Benutzerfreundlichkeit der L\u00f6sung.<\/p>\n<p>\u201eEs ist einfach zu bedienen, wirklich unkompliziert f\u00fcr die Mitarbeitenden, sich zu verbinden\u201c, best\u00e4tigt Olivier van Twembeke.<\/p>\n    <\/div>\n        <div id=\"topic5\" class=\"skip-item\">\n                        <h2>Die ganze Geschichte entdecken<\/h2>\n                <p>Was macht diese Installation noch besonders? Wie nutzt die modulare Trainingsakademie die NETGEAR-Technologie f\u00fcr globale Produktschulungen? Welche Rolle spielte der technische Support von NETGEAR beim Erfolg des Projekts?<\/p>\n<p>Sehen Sie sich das komplette Fallstudien-Video an, um zu erfahren, wie NETGEARs Pro-AV-L\u00f6sungen L\u2019Or\u00e9als digitale Transformation erm\u00f6glichen.<\/p>\n<div align=\"center\"><iframe loading=\"lazy\" src=\"https:\/\/www.youtube.com\/embed\/YgbKP-_dJkE?si=vs6NFIVcr-hPJhp4\" width=\"560\" height=\"315\" frameborder=\"0\" allowfullscreen=\"allowfullscreen\"><\/iframe><\/div>\n    <\/div>\n        <div id=\"topic6\" class=\"skip-item\">\n                        <div style=\"background-color: #eeeeee;padding: 20px;width: 100%\">\n<p><strong>Dieses Projekt inspiriert Sie?<\/strong><br \/>\nKontaktieren Sie unser ProAV-Team und besprechen Sie Ihr Projekt mit unseren AV-Experten:<br \/>\n<button style=\"font-size: 18px\"><a href=\"mailto:ProAVDesign@netgear.com\"><strong>ProAVDesign@netgear.com<\/strong><\/a><\/button><\/p>\n<p>Oder w\u00fcnschen Sie einen R\u00fcckruf?<br \/>\n<button style=\"font-size: 18px\"><a href=\"https:\/\/www.netgear.com\/de\/business\/av\/services\/proav-designsupport\/#contactformsupport\"><strong>Kontaktieren Sie mich<\/strong><\/a><\/button><\/p>\n<p>Mehr erfahren:<br \/>\n<button style=\"font-size: 18px\"><a href=\"https:\/\/www.downloads.netgear.com\/files\/GDC\/M4250\/M4250_AV_UM_EN.pdf\"><strong>Datenblatt M4250<\/strong><\/a><\/button><\/p>\n<\/div>\n    <\/div>\n        <div id=\"topic7\" class=\"skip-item\">\n                            <\/div>\n    \n","protected":false},"excerpt":{"rendered":"","protected":false},"author":90,"featured_media":10220,"parent":10321,"menu_order":1,"comment_status":"closed","ping_status":"closed","template":"templates\/blog-wifi.php","meta":{"_acf_changed":false,"footnotes":""},"class_list":["post-10163","page","type-page","status-publish","has-post-thumbnail","hentry"],"acf":[],"yoast_head":"<!-- This site is optimized with the Yoast SEO plugin v27.4 - https:\/\/yoast.com\/product\/yoast-seo-wordpress\/ -->\n<title>L&#039;Or\u00e9al \u2013 Sch\u00f6nheit trifft auf Technologie - NETGEAR Hub<\/title>\n<meta name=\"description\" content=\"L&#039;Or\u00e9al \u2013 Sch\u00f6nheit trifft auf Technologie\" \/>\n<meta name=\"robots\" content=\"index, follow, max-snippet:-1, max-image-preview:large, max-video-preview:-1\" \/>\n<link rel=\"canonical\" href=\"https:\/\/dehub.netgear.com\/de\/hub\/business\/case-studies\/av-case-studies\/loreal-schonheit-trifft-auf-technologie\/\" \/>\n<meta property=\"og:locale\" content=\"de_DE\" \/>\n<meta property=\"og:type\" content=\"article\" \/>\n<meta property=\"og:title\" content=\"L&#039;Or\u00e9al \u2013 Sch\u00f6nheit trifft auf Technologie - NETGEAR Hub\" \/>\n<meta property=\"og:description\" content=\"L&#039;Or\u00e9al \u2013 Sch\u00f6nheit trifft auf Technologie\" \/>\n<meta property=\"og:url\" content=\"https:\/\/dehub.netgear.com\/de\/hub\/business\/case-studies\/av-case-studies\/loreal-schonheit-trifft-auf-technologie\/\" \/>\n<meta property=\"og:site_name\" content=\"NETGEAR Hub\" \/>\n<meta property=\"article:publisher\" content=\"https:\/\/www.facebook.com\/NetgearAU\/\" \/>\n<meta property=\"article:modified_time\" content=\"2025-10-13T07:25:44+00:00\" \/>\n<meta property=\"og:image\" content=\"https:\/\/dehub.netgear.com\/de\/hub\/wp-content\/uploads\/2025\/05\/vignette-loreal.webp\" \/>\n\t<meta property=\"og:image:width\" content=\"383\" \/>\n\t<meta property=\"og:image:height\" content=\"288\" \/>\n\t<meta property=\"og:image:type\" content=\"image\/webp\" \/>\n<meta name=\"twitter:card\" content=\"summary_large_image\" \/>\n<meta name=\"twitter:site\" content=\"@NETGEAR\" \/>\n<script type=\"application\/ld+json\" class=\"yoast-schema-graph\">{\"@context\":\"https:\\\/\\\/schema.org\",\"@graph\":[{\"@type\":\"WebPage\",\"@id\":\"https:\\\/\\\/dehub.netgear.com\\\/de\\\/hub\\\/business\\\/case-studies\\\/av-case-studies\\\/loreal-schonheit-trifft-auf-technologie\\\/\",\"url\":\"https:\\\/\\\/dehub.netgear.com\\\/de\\\/hub\\\/business\\\/case-studies\\\/av-case-studies\\\/loreal-schonheit-trifft-auf-technologie\\\/\",\"name\":\"L'Or\u00e9al \u2013 Sch\u00f6nheit trifft auf Technologie - NETGEAR Hub\",\"isPartOf\":{\"@id\":\"https:\\\/\\\/dehub.netgear.com\\\/de\\\/hub\\\/#website\"},\"primaryImageOfPage\":{\"@id\":\"https:\\\/\\\/dehub.netgear.com\\\/de\\\/hub\\\/business\\\/case-studies\\\/av-case-studies\\\/loreal-schonheit-trifft-auf-technologie\\\/#primaryimage\"},\"image\":{\"@id\":\"https:\\\/\\\/dehub.netgear.com\\\/de\\\/hub\\\/business\\\/case-studies\\\/av-case-studies\\\/loreal-schonheit-trifft-auf-technologie\\\/#primaryimage\"},\"thumbnailUrl\":\"https:\\\/\\\/dehub.netgear.com\\\/de\\\/hub\\\/wp-content\\\/uploads\\\/2025\\\/05\\\/vignette-loreal.webp\",\"datePublished\":\"2025-04-08T12:51:03+00:00\",\"dateModified\":\"2025-10-13T07:25:44+00:00\",\"description\":\"L'Or\u00e9al \u2013 Sch\u00f6nheit trifft auf Technologie\",\"breadcrumb\":{\"@id\":\"https:\\\/\\\/dehub.netgear.com\\\/de\\\/hub\\\/business\\\/case-studies\\\/av-case-studies\\\/loreal-schonheit-trifft-auf-technologie\\\/#breadcrumb\"},\"inLanguage\":\"de\",\"potentialAction\":[{\"@type\":\"ReadAction\",\"target\":[\"https:\\\/\\\/dehub.netgear.com\\\/de\\\/hub\\\/business\\\/case-studies\\\/av-case-studies\\\/loreal-schonheit-trifft-auf-technologie\\\/\"]}]},{\"@type\":\"ImageObject\",\"inLanguage\":\"de\",\"@id\":\"https:\\\/\\\/dehub.netgear.com\\\/de\\\/hub\\\/business\\\/case-studies\\\/av-case-studies\\\/loreal-schonheit-trifft-auf-technologie\\\/#primaryimage\",\"url\":\"https:\\\/\\\/dehub.netgear.com\\\/de\\\/hub\\\/wp-content\\\/uploads\\\/2025\\\/05\\\/vignette-loreal.webp\",\"contentUrl\":\"https:\\\/\\\/dehub.netgear.com\\\/de\\\/hub\\\/wp-content\\\/uploads\\\/2025\\\/05\\\/vignette-loreal.webp\",\"width\":383,\"height\":288},{\"@type\":\"BreadcrumbList\",\"@id\":\"https:\\\/\\\/dehub.netgear.com\\\/de\\\/hub\\\/business\\\/case-studies\\\/av-case-studies\\\/loreal-schonheit-trifft-auf-technologie\\\/#breadcrumb\",\"itemListElement\":[{\"@type\":\"ListItem\",\"position\":1,\"name\":\"Home\",\"item\":\"https:\\\/\\\/dehub.netgear.com\\\/de\\\/hub\\\/\"},{\"@type\":\"ListItem\",\"position\":2,\"name\":\"Business Articles Hub\",\"item\":\"https:\\\/\\\/dehub.netgear.com\\\/de\\\/hub\\\/business\\\/\"},{\"@type\":\"ListItem\",\"position\":3,\"name\":\"All Case Studies &#8211; DE\",\"item\":\"https:\\\/\\\/dehub.netgear.com\\\/de\\\/hub\\\/business\\\/case-studies\\\/\"},{\"@type\":\"ListItem\",\"position\":4,\"name\":\"AV Case Studies &#8211; DE\",\"item\":\"https:\\\/\\\/dehub.netgear.com\\\/de\\\/hub\\\/business\\\/case-studies\\\/av-case-studies\\\/\"},{\"@type\":\"ListItem\",\"position\":5,\"name\":\"L&#8217;Or\u00e9al \u2013 Sch\u00f6nheit trifft auf Technologie\"}]},{\"@type\":\"WebSite\",\"@id\":\"https:\\\/\\\/dehub.netgear.com\\\/de\\\/hub\\\/#website\",\"url\":\"https:\\\/\\\/dehub.netgear.com\\\/de\\\/hub\\\/\",\"name\":\"NETGEAR\",\"description\":\"Erkunden Sie unsere Hub-Seiten und st\u00f6bern Sie in Artikeln, um mehr \u00fcber NETGEAR Produkte und Technologien zu erfahren.\",\"publisher\":{\"@id\":\"https:\\\/\\\/dehub.netgear.com\\\/de\\\/hub\\\/#organization\"},\"potentialAction\":[{\"@type\":\"SearchAction\",\"target\":{\"@type\":\"EntryPoint\",\"urlTemplate\":\"https:\\\/\\\/dehub.netgear.com\\\/de\\\/hub\\\/?s={search_term_string}\"},\"query-input\":{\"@type\":\"PropertyValueSpecification\",\"valueRequired\":true,\"valueName\":\"search_term_string\"}}],\"inLanguage\":\"de\"},{\"@type\":\"Organization\",\"@id\":\"https:\\\/\\\/dehub.netgear.com\\\/de\\\/hub\\\/#organization\",\"name\":\"NETGEAR\",\"url\":\"https:\\\/\\\/dehub.netgear.com\\\/de\\\/hub\\\/\",\"logo\":{\"@type\":\"ImageObject\",\"inLanguage\":\"de\",\"@id\":\"https:\\\/\\\/dehub.netgear.com\\\/de\\\/hub\\\/#\\\/schema\\\/logo\\\/image\\\/\",\"url\":\"https:\\\/\\\/www.dehub.netgear.com\\\/de\\\/hub\\\/wp-content\\\/uploads\\\/2019\\\/07\\\/NETGEAR_logo.jpg\",\"contentUrl\":\"https:\\\/\\\/www.dehub.netgear.com\\\/de\\\/hub\\\/wp-content\\\/uploads\\\/2019\\\/07\\\/NETGEAR_logo.jpg\",\"width\":1500,\"height\":501,\"caption\":\"NETGEAR\"},\"image\":{\"@id\":\"https:\\\/\\\/dehub.netgear.com\\\/de\\\/hub\\\/#\\\/schema\\\/logo\\\/image\\\/\"},\"sameAs\":[\"https:\\\/\\\/www.facebook.com\\\/NetgearAU\\\/\",\"https:\\\/\\\/x.com\\\/NETGEAR\",\"https:\\\/\\\/www.linkedin.com\\\/company\\\/netgear\"]}]}<\/script>\n<!-- \/ Yoast SEO plugin. -->","yoast_head_json":{"title":"L'Or\u00e9al \u2013 Sch\u00f6nheit trifft auf Technologie - NETGEAR Hub","description":"L'Or\u00e9al \u2013 Sch\u00f6nheit trifft auf Technologie","robots":{"index":"index","follow":"follow","max-snippet":"max-snippet:-1","max-image-preview":"max-image-preview:large","max-video-preview":"max-video-preview:-1"},"canonical":"https:\/\/dehub.netgear.com\/de\/hub\/business\/case-studies\/av-case-studies\/loreal-schonheit-trifft-auf-technologie\/","og_locale":"de_DE","og_type":"article","og_title":"L'Or\u00e9al \u2013 Sch\u00f6nheit trifft auf Technologie - NETGEAR Hub","og_description":"L'Or\u00e9al \u2013 Sch\u00f6nheit trifft auf Technologie","og_url":"https:\/\/dehub.netgear.com\/de\/hub\/business\/case-studies\/av-case-studies\/loreal-schonheit-trifft-auf-technologie\/","og_site_name":"NETGEAR Hub","article_publisher":"https:\/\/www.facebook.com\/NetgearAU\/","article_modified_time":"2025-10-13T07:25:44+00:00","og_image":[{"width":383,"height":288,"url":"https:\/\/dehub.netgear.com\/de\/hub\/wp-content\/uploads\/2025\/05\/vignette-loreal.webp","type":"image\/webp"}],"twitter_card":"summary_large_image","twitter_site":"@NETGEAR","schema":{"@context":"https:\/\/schema.org","@graph":[{"@type":"WebPage","@id":"https:\/\/dehub.netgear.com\/de\/hub\/business\/case-studies\/av-case-studies\/loreal-schonheit-trifft-auf-technologie\/","url":"https:\/\/dehub.netgear.com\/de\/hub\/business\/case-studies\/av-case-studies\/loreal-schonheit-trifft-auf-technologie\/","name":"L'Or\u00e9al \u2013 Sch\u00f6nheit trifft auf Technologie - NETGEAR Hub","isPartOf":{"@id":"https:\/\/dehub.netgear.com\/de\/hub\/#website"},"primaryImageOfPage":{"@id":"https:\/\/dehub.netgear.com\/de\/hub\/business\/case-studies\/av-case-studies\/loreal-schonheit-trifft-auf-technologie\/#primaryimage"},"image":{"@id":"https:\/\/dehub.netgear.com\/de\/hub\/business\/case-studies\/av-case-studies\/loreal-schonheit-trifft-auf-technologie\/#primaryimage"},"thumbnailUrl":"https:\/\/dehub.netgear.com\/de\/hub\/wp-content\/uploads\/2025\/05\/vignette-loreal.webp","datePublished":"2025-04-08T12:51:03+00:00","dateModified":"2025-10-13T07:25:44+00:00","description":"L'Or\u00e9al \u2013 Sch\u00f6nheit trifft auf Technologie","breadcrumb":{"@id":"https:\/\/dehub.netgear.com\/de\/hub\/business\/case-studies\/av-case-studies\/loreal-schonheit-trifft-auf-technologie\/#breadcrumb"},"inLanguage":"de","potentialAction":[{"@type":"ReadAction","target":["https:\/\/dehub.netgear.com\/de\/hub\/business\/case-studies\/av-case-studies\/loreal-schonheit-trifft-auf-technologie\/"]}]},{"@type":"ImageObject","inLanguage":"de","@id":"https:\/\/dehub.netgear.com\/de\/hub\/business\/case-studies\/av-case-studies\/loreal-schonheit-trifft-auf-technologie\/#primaryimage","url":"https:\/\/dehub.netgear.com\/de\/hub\/wp-content\/uploads\/2025\/05\/vignette-loreal.webp","contentUrl":"https:\/\/dehub.netgear.com\/de\/hub\/wp-content\/uploads\/2025\/05\/vignette-loreal.webp","width":383,"height":288},{"@type":"BreadcrumbList","@id":"https:\/\/dehub.netgear.com\/de\/hub\/business\/case-studies\/av-case-studies\/loreal-schonheit-trifft-auf-technologie\/#breadcrumb","itemListElement":[{"@type":"ListItem","position":1,"name":"Home","item":"https:\/\/dehub.netgear.com\/de\/hub\/"},{"@type":"ListItem","position":2,"name":"Business Articles Hub","item":"https:\/\/dehub.netgear.com\/de\/hub\/business\/"},{"@type":"ListItem","position":3,"name":"All Case Studies &#8211; DE","item":"https:\/\/dehub.netgear.com\/de\/hub\/business\/case-studies\/"},{"@type":"ListItem","position":4,"name":"AV Case Studies &#8211; DE","item":"https:\/\/dehub.netgear.com\/de\/hub\/business\/case-studies\/av-case-studies\/"},{"@type":"ListItem","position":5,"name":"L&#8217;Or\u00e9al \u2013 Sch\u00f6nheit trifft auf Technologie"}]},{"@type":"WebSite","@id":"https:\/\/dehub.netgear.com\/de\/hub\/#website","url":"https:\/\/dehub.netgear.com\/de\/hub\/","name":"NETGEAR","description":"Erkunden Sie unsere Hub-Seiten und st\u00f6bern Sie in Artikeln, um mehr \u00fcber NETGEAR Produkte und Technologien zu erfahren.","publisher":{"@id":"https:\/\/dehub.netgear.com\/de\/hub\/#organization"},"potentialAction":[{"@type":"SearchAction","target":{"@type":"EntryPoint","urlTemplate":"https:\/\/dehub.netgear.com\/de\/hub\/?s={search_term_string}"},"query-input":{"@type":"PropertyValueSpecification","valueRequired":true,"valueName":"search_term_string"}}],"inLanguage":"de"},{"@type":"Organization","@id":"https:\/\/dehub.netgear.com\/de\/hub\/#organization","name":"NETGEAR","url":"https:\/\/dehub.netgear.com\/de\/hub\/","logo":{"@type":"ImageObject","inLanguage":"de","@id":"https:\/\/dehub.netgear.com\/de\/hub\/#\/schema\/logo\/image\/","url":"https:\/\/www.dehub.netgear.com\/de\/hub\/wp-content\/uploads\/2019\/07\/NETGEAR_logo.jpg","contentUrl":"https:\/\/www.dehub.netgear.com\/de\/hub\/wp-content\/uploads\/2019\/07\/NETGEAR_logo.jpg","width":1500,"height":501,"caption":"NETGEAR"},"image":{"@id":"https:\/\/dehub.netgear.com\/de\/hub\/#\/schema\/logo\/image\/"},"sameAs":["https:\/\/www.facebook.com\/NetgearAU\/","https:\/\/x.com\/NETGEAR","https:\/\/www.linkedin.com\/company\/netgear"]}]}},"_links":{"self":[{"href":"https:\/\/dehub.netgear.com\/de\/hub\/wp-json\/wp\/v2\/pages\/10163","targetHints":{"allow":["GET"]}}],"collection":[{"href":"https:\/\/dehub.netgear.com\/de\/hub\/wp-json\/wp\/v2\/pages"}],"about":[{"href":"https:\/\/dehub.netgear.com\/de\/hub\/wp-json\/wp\/v2\/types\/page"}],"author":[{"embeddable":true,"href":"https:\/\/dehub.netgear.com\/de\/hub\/wp-json\/wp\/v2\/users\/90"}],"replies":[{"embeddable":true,"href":"https:\/\/dehub.netgear.com\/de\/hub\/wp-json\/wp\/v2\/comments?post=10163"}],"version-history":[{"count":4,"href":"https:\/\/dehub.netgear.com\/de\/hub\/wp-json\/wp\/v2\/pages\/10163\/revisions"}],"predecessor-version":[{"id":10864,"href":"https:\/\/dehub.netgear.com\/de\/hub\/wp-json\/wp\/v2\/pages\/10163\/revisions\/10864"}],"up":[{"embeddable":true,"href":"https:\/\/dehub.netgear.com\/de\/hub\/wp-json\/wp\/v2\/pages\/10321"}],"wp:featuredmedia":[{"embeddable":true,"href":"https:\/\/dehub.netgear.com\/de\/hub\/wp-json\/wp\/v2\/media\/10220"}],"wp:attachment":[{"href":"https:\/\/dehub.netgear.com\/de\/hub\/wp-json\/wp\/v2\/media?parent=10163"}],"curies":[{"name":"wp","href":"https:\/\/api.w.org\/{rel}","templated":true}]}}