{"id":10154,"date":"2025-04-08T13:06:10","date_gmt":"2025-04-08T11:06:10","guid":{"rendered":"https:\/\/dehub.netgear.com\/de\/hub\/business\/av\/battlebots-destruct-a-thon-2\/"},"modified":"2025-09-04T14:27:32","modified_gmt":"2025-09-04T12:27:32","slug":"clear-angle-digitaler-realismus","status":"publish","type":"page","link":"https:\/\/dehub.netgear.com\/de\/hub\/business\/case-studies\/av-case-studies\/clear-angle-digitaler-realismus\/","title":{"rendered":"Clear Angle : Digitaler Realismus in der Kinowelt auf einem neuen Niveau \u2013 und die Rolle der Netzwerktechnologie"},"content":{"rendered":"    <div class=\"table-of-content bg-gray\">\n        <p><strong>IN THIS ARTICLE<\/strong><\/p>\n        <ul>\n                        <li><a href=\"#topic2\">HINTERGRUND<\/a><\/li>\n                        <li><a href=\"#topic3\">DIE HERAUSFORDERUNG<\/a><\/li>\n                        <li><a href=\"#topic4\">DIE L\u00d6SUNG<\/a><\/li>\n                        <li><a href=\"#topic5\">INTERPRO WORKSTATIONS<\/a><\/li>\n                        <li><a href=\"#topic6\">ERGEBNISSE<\/a><\/li>\n                    <\/ul>\n    <\/div>\n        <div id=\"topic1\" class=\"skip-item\">\n                        <p>Digitaler Realismus in der Kinowelt auf einem neuen Niveau \u2013 und die Rolle der Netzwerktechnologie<\/p>\n<p>Jemand, der mit einer T\u00fcte Popcorn im Kino sitzt und sich den neuesten Blockbuster-Film ansieht, hat wahrscheinlich keine Ahnung, wie viele Menschen mit umfassender Erfahrung an der Schaffung der atemberaubenden Unterhaltung mitwirken. Ein Beispiel daf\u00fcr ist Clear Angle Studios, ein Pionier im Bereich der Erfassung und Verarbeitung von 3D-Daten. Das Unternehmen hat bahnbrechenden, ultrarealistischen digitalen 3D-Scan f\u00fcr den Kopf und den gesamten K\u00f6rper entwickelt, den Studios erfolgreich f\u00fcr Filme wie Deadpool &amp; Wolverine und Dune: Part Two genutzt haben. Hinter den Kulissen sorgen NETGEAR Business-Netzwerk-Switches (von Interpro Workstations bereitgestellt) f\u00fcr eine reibungslose Performance aller Ger\u00e4te, die beim 3D-Scan von Clear Angle Studio zum Einsatz kommen, und verarbeiten die vielen Terabyte an generierten Daten.<\/p>\n<div style=\"background-color: #eeeeee;padding: 20px;width: 33%;float: right\">\n<p><strong>Firmenname: <\/strong><br \/>\nClear Angle Studios<\/p>\n<p><strong>Branche:<\/strong><br \/>\nFernsehen<\/p>\n<p><strong>Website des Unternehmens:<\/strong><br \/>\n<a href=\"https:\/\/www.clearanglestudios.co.uk\">clearanglestudios.co.uk<\/a><\/p>\n<p><strong>Geographische Region:<\/strong><br \/>\nLondon, Gro\u00dfbritannien<\/p>\n<\/div>\n    <\/div>\n        <div id=\"topic2\" class=\"skip-item\">\n                        <h2>HINTERGRUND<\/h2>\n                <p>Clear Angle Studios ist ein marktf\u00fchrendes Unternehmen bei der Erfassung und Verarbeitung von 3D-Daten. Es ist f\u00fcr seine hochwertigen Daten und flexiblen globalen Teams bekannt und die bevorzugte Wahl f\u00fcr Filmproduktionen weltweit. Mit 160 Experten in sechs globalen Hubs bietet Clear Angle Studios einen erstklassigen digitalen Aufnahmeservice, einschlie\u00dflich photometrischen Scans von K\u00f6pfen in 3D<br \/>\nund 4D, Ganzk\u00f6rper-Fotogrammetrie, Erfassung mit generativer KI, Requisitenscans, LiDAR-Scans und Umweltscans aus der Luft samt Verarbeitung.<\/p>\n<p>Eine der gr\u00f6\u00dften Innovationen von Clear Angle Studios ist \u201eDorothy\u201c, ein 3D-Scanger\u00e4t f\u00fcr K\u00f6pfe. Bei einer typischen 15-min\u00fctigen Aufnahme nimmt Dorothy Hunderttausende von Fotos auf und erfasst so eine enorme Detailtiefe. Dadurch kann das Ger\u00e4t z. B. die Hautstruktur und jede Nuance des Ausdrucks einer Person wirklichkeitsgetreu wiedergeben und die hohen Erwartungen der Zuschauer an eine immersive Realit\u00e4t erf\u00fcllen helfen.<\/p>\n    <\/div>\n        <div id=\"topic3\" class=\"skip-item\">\n                        <h2>DIE HERAUSFORDERUNG<\/h2>\n                <p>Dieser Prozess erzeugt jedoch eine riesige Menge an Daten, die anschlie\u00dfend \u00fcbertragen, verarbeitet und gespeichert werden m\u00fcssen. Die Zahlen sprechen f\u00fcr sich: \u201eBeim Scan eines Gesichts und eines Kopfes mit Bilderkennungskameras, die 48 Bilder pro Sekunde aufnehmen, ergeben sich etwa 30 Megabyte pro Bild. Das summiert sich beispielsweise bei einer 15-min\u00fctigen Scansitzung mit 13 Kameras schnell auf zehn oder sogar 15 Terabyte Daten\u201c, erkl\u00e4rt Andrew Garlick, IT-Manager bei Clear Angle Studios.<\/p>\n<p>Garlick ordnet das in den Kontext eines Tages auf dem Set ein. \u201eDie Person trifft ein, wird eingewiesen, es gibt einen Trockenlauf und dann ein 15-min\u00fctiges Fotoshooting, bei dem verschiedene Gesichtsausdr\u00fccke<br \/>\naufgenommen werden. Anschlie\u00dfend m\u00fcssen die Daten von den verschiedenen PCs, an die die Kameras angeschlossen sind, heruntergeladen und zur\u00fcck auf den Hauptserver \u00fcbertragen werden. Manchmal muss auch ein Video erstellt werden, damit der Kunde sehen kann, was passiert ist, oder damit es, sobald es fertig ist, an die Produktion gesendet werden kann, die manchmal vor Ort ist. Anschlie\u00dfend wird alles auf NAS-Speichern (Network Attached Storage) gesichert, in den Hauptspeicher \u00fcbertragen und dann gel\u00f6scht, damit alles f\u00fcr die n\u00e4chste Aufnahme am Nachmittag bereit ist. Das sind eine Menge Daten, die es zu bew\u00e4ltigen gilt.\u201c<\/p>\n    <\/div>\n        <div id=\"topic4\" class=\"skip-item\">\n                        <h2>DIE L\u00d6SUNG<\/h2>\n                <p>Die Antwort sind Hochgeschwindigkeits-Netzwerk-Switches mit hoher Bandbreite, die gro\u00dfe Datenmengen schnell zwischen den verschiedenen beteiligten Endpunkten, z. B. Kameras, Servern und Speichern, \u00fcbertragen k\u00f6nnen. F\u00fcr den Netzwerk-Switch fiel Garlicks Wahl auf den NETGEAR M4500, ein Kraftpaket mit 100 MBit, das speziell auf die Anforderungen von AV-Umgebungen zugeschnitten ist. Bei der Einrichtung jedes neuen Dorothy-Ger\u00e4ts wird deshalb ein NETGEAR M4500 installiert.<\/p>\n<p>Garlick war bereits mit dem 100 MBit M4500 vertraut, da er zuvor einen dieser Switches im Serverraum installiert hatte. \u201eEs hat mein Leben um 100 Prozent einfacher gemacht, als wir unseren ersten 100 GBit-Switch bekamen. Reihen von Workstations wurden direkt mit dem M4500 verbunden, der dann an den Hauptspeicher angeschlossen wurde. Die Leistungssteigerung war allein damit schon fantastisch.\u201c<\/p>\n    <\/div>\n        <div id=\"topic5\" class=\"skip-item\">\n                        <h2>INTERPRO WORKSTATIONS<\/h2>\n                <p>Garlick war bereits mit NETGEAR vertraut, da er die Switches dieses Unternehmens schon w\u00e4hrend seiner gesamten beruflichen Laufbahn nutzt. Dar\u00fcber hinaus dienen NETGEAR M4300-Switches in Ganzk\u00f6rper-Scanger\u00e4ten (die weniger Bilder erfordern als das Kopf-Scanger\u00e4t) zur Verbindung der Kameras mit den Erfassungs-PCs. \u201eIch zahle nicht ein Vielfaches des Betrags f\u00fcr etwas, das schwieriger zu konfigurieren ist, wenn ein NETGEAR Switch die gleiche Aufgabe erf\u00fcllen kann. Als wir zu 100 GBit \u00fcbergehen wollten, dachte ich sofort an NETGEAR, und ich wurde nicht entt\u00e4uscht.\u201c<\/p>\n<p>Garlick ist auch ein Fan von Managed Switches, da er und sein Team damit mehr Kontrolle \u00fcber die Konfiguration haben. Alle Switches von NETGEAR, ob 10 GBit oder 100 GBit, werden von Interpro Workstations Ltd. bereitgestellt. Interpro hat seinen Hauptsitz in Stafford, aber seine Kunden sind \u00fcber ganz Gro\u00dfbritannien verteilt. Das Unternehmen verf\u00fcgt \u00fcber mehr als 20 Jahre Erfahrung bei der Bereitstellung professioneller IT- und Netzwerkger\u00e4te, ma\u00dfgeschneiderter Services und Support.<\/p>\n<p>Garlick meint: \u201eInterpro Workstations ist seit vier Jahren unser bevorzugter Hardware- und Softwareanbieter, und wir sind sehr zufrieden mit dem Unternehmen. Zusammen haben wir eine Pandemie und einen Schauspielerstreik \u00fcberstanden, und das Unternehmen hat uns stets unterst\u00fctzt. Wir sind an dem Punkt angelangt, an dem ich die Leute dort fragen kann, ob sie eine bestimmte L\u00f6sung f\u00fcr ein Problem wissen, und sie geben mir eine Antwort oder bringen uns mit Leuten zusammen, die eine Antwort haben.\u201c<\/p>\n<p>Interpro ist au\u00dferdem ein anerkannter NETGEAR Partner. Tom Green, Eigent\u00fcmer und Gesch\u00e4ftsf\u00fchrer von Interpro Workstations, erl\u00e4utert: \u201eNETGEAR ist eine Marke, die uns nicht erst \u00fcberzeugen muss, denn<br \/>\nihre Switches sind zuverl\u00e4ssig, funktionieren gut und bieten ein gutes Preis-Leistungs-Verh\u00e4ltnis. Die Zusammenarbeit mit NETGEAR gestaltet sich ebenfalls ausgezeichnet. NETGEAR hat uns immer gut unterst\u00fctzt, wenn wir Hilfe brauchten.\u201c<\/p>\n    <\/div>\n        <div id=\"topic6\" class=\"skip-item\">\n                        <h2>ERGEBNISSE<\/h2>\n                <p>Da sich NETGEAR Switches einfach konfigurieren und installieren lassen, \u00fcbernehmen Garlick und sein Team diese Aufgabe selbst, anstatt die Support-Services von Interpro zu nutzen. \u201eDiese Switches sind recht einfach. Wir m\u00fcssen nur die Verwaltung einrichten, die Frames pro Anschluss festlegen, sicherstellen, dass alles korrekt gespeichert und konfiguriert ist, und sie dann in Ruhe lassen. Das haben wir mittlerweile perfektioniert.\u201c<\/p>\n<p>F\u00fcr Clear Angle Studios ist es entscheidend, dass seine Anforderungen an die Netzwerkinfrastruktur eine solide Grundlage haben. Denn in dem Ma\u00dfe, in dem das Unternehmen seine beeindruckende Entwicklung fortsetzt, werden sich auch seine Anforderungen an die Bandbreite erh\u00f6hen. Wenn Sie sich in der Zwischenzeit einen Film wie Ghostbusters: Frozen Empire, Alien: Romulu oder Bad Boys: Ride or Die ansehen, denken Sie einmal an die entscheidende Rolle, die Clear View Studios dabei gespielt hat, viele dieser Filme mit realistischen Bildern auf den Bildschirm zu bringen.<\/p>\n    <\/div>\n        <div id=\"topic7\" class=\"skip-item\">\n                        <div style=\"background-color: #eeeeee;padding: 20px;width: 100%\">\n<p><strong>Dieses Projekt inspiriert Sie?<\/strong><br \/>\nKontaktieren Sie unser ProAV-Team und besprechen Sie Ihr Projekt mit unseren AV-Experten:<br \/>\n<button style=\"font-size: 18px\"><a href=\"mailto:ProAVDesign@netgear.com\"><strong>ProAVDesign@netgear.com<\/strong><\/a><\/button><\/p>\n<p>Oder w\u00fcnschen Sie einen R\u00fcckruf?<br \/>\n<button style=\"font-size: 18px\"><a href=\"https:\/\/www.netgear.com\/de\/business\/av\/services\/proav-designsupport\/#contactformsupport\"><strong>Kontaktieren Sie mich<\/strong><\/a><\/button><\/p>\n<p>Mehr erfahren:<br \/>\n<button style=\"font-size: 18px\"><a href=\"https:\/\/www.downloads.netgear.com\/files\/GDC\/M4500\/M4500_Datasheet.pdf\"><strong>Datenblatt M4500<\/strong><\/a><\/button><\/p>\n<\/div>\n    <\/div>\n        <div id=\"topic8\" class=\"skip-item\">\n                            <\/div>\n    \n","protected":false},"excerpt":{"rendered":"","protected":false},"author":90,"featured_media":10153,"parent":10321,"menu_order":17,"comment_status":"closed","ping_status":"closed","template":"templates\/blog-wifi.php","meta":{"_acf_changed":false,"footnotes":""},"class_list":["post-10154","page","type-page","status-publish","has-post-thumbnail","hentry"],"acf":[],"yoast_head":"<!-- This site is optimized with the Yoast SEO plugin v27.4 - https:\/\/yoast.com\/product\/yoast-seo-wordpress\/ -->\n<title>Clear Angle : Digitaler Realismus in der Kinowelt auf einem neuen Niveau \u2013 und die Rolle der Netzwerktechnologie - NETGEAR Hub<\/title>\n<meta name=\"description\" content=\"Digitaler Realismus in der Kinowelt auf einem neuen Niveau \u2013 und die Rolle der Netzwerktechnologie\" \/>\n<meta name=\"robots\" content=\"index, follow, max-snippet:-1, max-image-preview:large, max-video-preview:-1\" \/>\n<link rel=\"canonical\" href=\"https:\/\/dehub.netgear.com\/de\/hub\/business\/case-studies\/av-case-studies\/clear-angle-digitaler-realismus\/\" \/>\n<meta property=\"og:locale\" content=\"de_DE\" \/>\n<meta property=\"og:type\" content=\"article\" \/>\n<meta property=\"og:title\" content=\"Clear Angle : Digitaler Realismus in der Kinowelt auf einem neuen Niveau \u2013 und die Rolle der Netzwerktechnologie - NETGEAR Hub\" \/>\n<meta property=\"og:description\" content=\"Digitaler Realismus in der Kinowelt auf einem neuen Niveau \u2013 und die Rolle der Netzwerktechnologie\" \/>\n<meta property=\"og:url\" content=\"https:\/\/dehub.netgear.com\/de\/hub\/business\/case-studies\/av-case-studies\/clear-angle-digitaler-realismus\/\" \/>\n<meta property=\"og:site_name\" content=\"NETGEAR Hub\" \/>\n<meta property=\"article:publisher\" content=\"https:\/\/www.facebook.com\/NetgearAU\/\" \/>\n<meta property=\"article:modified_time\" content=\"2025-09-04T12:27:32+00:00\" \/>\n<meta property=\"og:image\" content=\"https:\/\/dehub.netgear.com\/de\/hub\/wp-content\/uploads\/2025\/04\/Vignettes-clearAngle.png\" \/>\n\t<meta property=\"og:image:width\" content=\"350\" \/>\n\t<meta property=\"og:image:height\" content=\"320\" \/>\n\t<meta property=\"og:image:type\" content=\"image\/png\" \/>\n<meta name=\"twitter:card\" content=\"summary_large_image\" \/>\n<meta name=\"twitter:site\" content=\"@NETGEAR\" \/>\n<script type=\"application\/ld+json\" class=\"yoast-schema-graph\">{\"@context\":\"https:\\\/\\\/schema.org\",\"@graph\":[{\"@type\":\"WebPage\",\"@id\":\"https:\\\/\\\/dehub.netgear.com\\\/de\\\/hub\\\/business\\\/case-studies\\\/av-case-studies\\\/clear-angle-digitaler-realismus\\\/\",\"url\":\"https:\\\/\\\/dehub.netgear.com\\\/de\\\/hub\\\/business\\\/case-studies\\\/av-case-studies\\\/clear-angle-digitaler-realismus\\\/\",\"name\":\"Clear Angle : Digitaler Realismus in der Kinowelt auf einem neuen Niveau \u2013 und die Rolle der Netzwerktechnologie - NETGEAR Hub\",\"isPartOf\":{\"@id\":\"https:\\\/\\\/dehub.netgear.com\\\/de\\\/hub\\\/#website\"},\"primaryImageOfPage\":{\"@id\":\"https:\\\/\\\/dehub.netgear.com\\\/de\\\/hub\\\/business\\\/case-studies\\\/av-case-studies\\\/clear-angle-digitaler-realismus\\\/#primaryimage\"},\"image\":{\"@id\":\"https:\\\/\\\/dehub.netgear.com\\\/de\\\/hub\\\/business\\\/case-studies\\\/av-case-studies\\\/clear-angle-digitaler-realismus\\\/#primaryimage\"},\"thumbnailUrl\":\"https:\\\/\\\/dehub.netgear.com\\\/de\\\/hub\\\/wp-content\\\/uploads\\\/2025\\\/04\\\/Vignettes-clearAngle.png\",\"datePublished\":\"2025-04-08T11:06:10+00:00\",\"dateModified\":\"2025-09-04T12:27:32+00:00\",\"description\":\"Digitaler Realismus in der Kinowelt auf einem neuen Niveau \u2013 und die Rolle der Netzwerktechnologie\",\"breadcrumb\":{\"@id\":\"https:\\\/\\\/dehub.netgear.com\\\/de\\\/hub\\\/business\\\/case-studies\\\/av-case-studies\\\/clear-angle-digitaler-realismus\\\/#breadcrumb\"},\"inLanguage\":\"de\",\"potentialAction\":[{\"@type\":\"ReadAction\",\"target\":[\"https:\\\/\\\/dehub.netgear.com\\\/de\\\/hub\\\/business\\\/case-studies\\\/av-case-studies\\\/clear-angle-digitaler-realismus\\\/\"]}]},{\"@type\":\"ImageObject\",\"inLanguage\":\"de\",\"@id\":\"https:\\\/\\\/dehub.netgear.com\\\/de\\\/hub\\\/business\\\/case-studies\\\/av-case-studies\\\/clear-angle-digitaler-realismus\\\/#primaryimage\",\"url\":\"https:\\\/\\\/dehub.netgear.com\\\/de\\\/hub\\\/wp-content\\\/uploads\\\/2025\\\/04\\\/Vignettes-clearAngle.png\",\"contentUrl\":\"https:\\\/\\\/dehub.netgear.com\\\/de\\\/hub\\\/wp-content\\\/uploads\\\/2025\\\/04\\\/Vignettes-clearAngle.png\",\"width\":350,\"height\":320},{\"@type\":\"BreadcrumbList\",\"@id\":\"https:\\\/\\\/dehub.netgear.com\\\/de\\\/hub\\\/business\\\/case-studies\\\/av-case-studies\\\/clear-angle-digitaler-realismus\\\/#breadcrumb\",\"itemListElement\":[{\"@type\":\"ListItem\",\"position\":1,\"name\":\"Home\",\"item\":\"https:\\\/\\\/dehub.netgear.com\\\/de\\\/hub\\\/\"},{\"@type\":\"ListItem\",\"position\":2,\"name\":\"Business Articles Hub\",\"item\":\"https:\\\/\\\/dehub.netgear.com\\\/de\\\/hub\\\/business\\\/\"},{\"@type\":\"ListItem\",\"position\":3,\"name\":\"All Case Studies &#8211; DE\",\"item\":\"https:\\\/\\\/dehub.netgear.com\\\/de\\\/hub\\\/business\\\/case-studies\\\/\"},{\"@type\":\"ListItem\",\"position\":4,\"name\":\"AV Case Studies &#8211; DE\",\"item\":\"https:\\\/\\\/dehub.netgear.com\\\/de\\\/hub\\\/business\\\/case-studies\\\/av-case-studies\\\/\"},{\"@type\":\"ListItem\",\"position\":5,\"name\":\"Clear Angle : Digitaler Realismus in der Kinowelt auf einem neuen Niveau \u2013 und die Rolle der Netzwerktechnologie\"}]},{\"@type\":\"WebSite\",\"@id\":\"https:\\\/\\\/dehub.netgear.com\\\/de\\\/hub\\\/#website\",\"url\":\"https:\\\/\\\/dehub.netgear.com\\\/de\\\/hub\\\/\",\"name\":\"NETGEAR\",\"description\":\"Erkunden Sie unsere Hub-Seiten und st\u00f6bern Sie in Artikeln, um mehr \u00fcber NETGEAR Produkte und Technologien zu erfahren.\",\"publisher\":{\"@id\":\"https:\\\/\\\/dehub.netgear.com\\\/de\\\/hub\\\/#organization\"},\"potentialAction\":[{\"@type\":\"SearchAction\",\"target\":{\"@type\":\"EntryPoint\",\"urlTemplate\":\"https:\\\/\\\/dehub.netgear.com\\\/de\\\/hub\\\/?s={search_term_string}\"},\"query-input\":{\"@type\":\"PropertyValueSpecification\",\"valueRequired\":true,\"valueName\":\"search_term_string\"}}],\"inLanguage\":\"de\"},{\"@type\":\"Organization\",\"@id\":\"https:\\\/\\\/dehub.netgear.com\\\/de\\\/hub\\\/#organization\",\"name\":\"NETGEAR\",\"url\":\"https:\\\/\\\/dehub.netgear.com\\\/de\\\/hub\\\/\",\"logo\":{\"@type\":\"ImageObject\",\"inLanguage\":\"de\",\"@id\":\"https:\\\/\\\/dehub.netgear.com\\\/de\\\/hub\\\/#\\\/schema\\\/logo\\\/image\\\/\",\"url\":\"https:\\\/\\\/www.dehub.netgear.com\\\/de\\\/hub\\\/wp-content\\\/uploads\\\/2019\\\/07\\\/NETGEAR_logo.jpg\",\"contentUrl\":\"https:\\\/\\\/www.dehub.netgear.com\\\/de\\\/hub\\\/wp-content\\\/uploads\\\/2019\\\/07\\\/NETGEAR_logo.jpg\",\"width\":1500,\"height\":501,\"caption\":\"NETGEAR\"},\"image\":{\"@id\":\"https:\\\/\\\/dehub.netgear.com\\\/de\\\/hub\\\/#\\\/schema\\\/logo\\\/image\\\/\"},\"sameAs\":[\"https:\\\/\\\/www.facebook.com\\\/NetgearAU\\\/\",\"https:\\\/\\\/x.com\\\/NETGEAR\",\"https:\\\/\\\/www.linkedin.com\\\/company\\\/netgear\"]}]}<\/script>\n<!-- \/ Yoast SEO plugin. -->","yoast_head_json":{"title":"Clear Angle : Digitaler Realismus in der Kinowelt auf einem neuen Niveau \u2013 und die Rolle der Netzwerktechnologie - NETGEAR Hub","description":"Digitaler Realismus in der Kinowelt auf einem neuen Niveau \u2013 und die Rolle der Netzwerktechnologie","robots":{"index":"index","follow":"follow","max-snippet":"max-snippet:-1","max-image-preview":"max-image-preview:large","max-video-preview":"max-video-preview:-1"},"canonical":"https:\/\/dehub.netgear.com\/de\/hub\/business\/case-studies\/av-case-studies\/clear-angle-digitaler-realismus\/","og_locale":"de_DE","og_type":"article","og_title":"Clear Angle : Digitaler Realismus in der Kinowelt auf einem neuen Niveau \u2013 und die Rolle der Netzwerktechnologie - NETGEAR Hub","og_description":"Digitaler Realismus in der Kinowelt auf einem neuen Niveau \u2013 und die Rolle der Netzwerktechnologie","og_url":"https:\/\/dehub.netgear.com\/de\/hub\/business\/case-studies\/av-case-studies\/clear-angle-digitaler-realismus\/","og_site_name":"NETGEAR Hub","article_publisher":"https:\/\/www.facebook.com\/NetgearAU\/","article_modified_time":"2025-09-04T12:27:32+00:00","og_image":[{"width":350,"height":320,"url":"https:\/\/dehub.netgear.com\/de\/hub\/wp-content\/uploads\/2025\/04\/Vignettes-clearAngle.png","type":"image\/png"}],"twitter_card":"summary_large_image","twitter_site":"@NETGEAR","schema":{"@context":"https:\/\/schema.org","@graph":[{"@type":"WebPage","@id":"https:\/\/dehub.netgear.com\/de\/hub\/business\/case-studies\/av-case-studies\/clear-angle-digitaler-realismus\/","url":"https:\/\/dehub.netgear.com\/de\/hub\/business\/case-studies\/av-case-studies\/clear-angle-digitaler-realismus\/","name":"Clear Angle : Digitaler Realismus in der Kinowelt auf einem neuen Niveau \u2013 und die Rolle der Netzwerktechnologie - NETGEAR Hub","isPartOf":{"@id":"https:\/\/dehub.netgear.com\/de\/hub\/#website"},"primaryImageOfPage":{"@id":"https:\/\/dehub.netgear.com\/de\/hub\/business\/case-studies\/av-case-studies\/clear-angle-digitaler-realismus\/#primaryimage"},"image":{"@id":"https:\/\/dehub.netgear.com\/de\/hub\/business\/case-studies\/av-case-studies\/clear-angle-digitaler-realismus\/#primaryimage"},"thumbnailUrl":"https:\/\/dehub.netgear.com\/de\/hub\/wp-content\/uploads\/2025\/04\/Vignettes-clearAngle.png","datePublished":"2025-04-08T11:06:10+00:00","dateModified":"2025-09-04T12:27:32+00:00","description":"Digitaler Realismus in der Kinowelt auf einem neuen Niveau \u2013 und die Rolle der Netzwerktechnologie","breadcrumb":{"@id":"https:\/\/dehub.netgear.com\/de\/hub\/business\/case-studies\/av-case-studies\/clear-angle-digitaler-realismus\/#breadcrumb"},"inLanguage":"de","potentialAction":[{"@type":"ReadAction","target":["https:\/\/dehub.netgear.com\/de\/hub\/business\/case-studies\/av-case-studies\/clear-angle-digitaler-realismus\/"]}]},{"@type":"ImageObject","inLanguage":"de","@id":"https:\/\/dehub.netgear.com\/de\/hub\/business\/case-studies\/av-case-studies\/clear-angle-digitaler-realismus\/#primaryimage","url":"https:\/\/dehub.netgear.com\/de\/hub\/wp-content\/uploads\/2025\/04\/Vignettes-clearAngle.png","contentUrl":"https:\/\/dehub.netgear.com\/de\/hub\/wp-content\/uploads\/2025\/04\/Vignettes-clearAngle.png","width":350,"height":320},{"@type":"BreadcrumbList","@id":"https:\/\/dehub.netgear.com\/de\/hub\/business\/case-studies\/av-case-studies\/clear-angle-digitaler-realismus\/#breadcrumb","itemListElement":[{"@type":"ListItem","position":1,"name":"Home","item":"https:\/\/dehub.netgear.com\/de\/hub\/"},{"@type":"ListItem","position":2,"name":"Business Articles Hub","item":"https:\/\/dehub.netgear.com\/de\/hub\/business\/"},{"@type":"ListItem","position":3,"name":"All Case Studies &#8211; DE","item":"https:\/\/dehub.netgear.com\/de\/hub\/business\/case-studies\/"},{"@type":"ListItem","position":4,"name":"AV Case Studies &#8211; DE","item":"https:\/\/dehub.netgear.com\/de\/hub\/business\/case-studies\/av-case-studies\/"},{"@type":"ListItem","position":5,"name":"Clear Angle : Digitaler Realismus in der Kinowelt auf einem neuen Niveau \u2013 und die Rolle der Netzwerktechnologie"}]},{"@type":"WebSite","@id":"https:\/\/dehub.netgear.com\/de\/hub\/#website","url":"https:\/\/dehub.netgear.com\/de\/hub\/","name":"NETGEAR","description":"Erkunden Sie unsere Hub-Seiten und st\u00f6bern Sie in Artikeln, um mehr \u00fcber NETGEAR Produkte und Technologien zu erfahren.","publisher":{"@id":"https:\/\/dehub.netgear.com\/de\/hub\/#organization"},"potentialAction":[{"@type":"SearchAction","target":{"@type":"EntryPoint","urlTemplate":"https:\/\/dehub.netgear.com\/de\/hub\/?s={search_term_string}"},"query-input":{"@type":"PropertyValueSpecification","valueRequired":true,"valueName":"search_term_string"}}],"inLanguage":"de"},{"@type":"Organization","@id":"https:\/\/dehub.netgear.com\/de\/hub\/#organization","name":"NETGEAR","url":"https:\/\/dehub.netgear.com\/de\/hub\/","logo":{"@type":"ImageObject","inLanguage":"de","@id":"https:\/\/dehub.netgear.com\/de\/hub\/#\/schema\/logo\/image\/","url":"https:\/\/www.dehub.netgear.com\/de\/hub\/wp-content\/uploads\/2019\/07\/NETGEAR_logo.jpg","contentUrl":"https:\/\/www.dehub.netgear.com\/de\/hub\/wp-content\/uploads\/2019\/07\/NETGEAR_logo.jpg","width":1500,"height":501,"caption":"NETGEAR"},"image":{"@id":"https:\/\/dehub.netgear.com\/de\/hub\/#\/schema\/logo\/image\/"},"sameAs":["https:\/\/www.facebook.com\/NetgearAU\/","https:\/\/x.com\/NETGEAR","https:\/\/www.linkedin.com\/company\/netgear"]}]}},"_links":{"self":[{"href":"https:\/\/dehub.netgear.com\/de\/hub\/wp-json\/wp\/v2\/pages\/10154","targetHints":{"allow":["GET"]}}],"collection":[{"href":"https:\/\/dehub.netgear.com\/de\/hub\/wp-json\/wp\/v2\/pages"}],"about":[{"href":"https:\/\/dehub.netgear.com\/de\/hub\/wp-json\/wp\/v2\/types\/page"}],"author":[{"embeddable":true,"href":"https:\/\/dehub.netgear.com\/de\/hub\/wp-json\/wp\/v2\/users\/90"}],"replies":[{"embeddable":true,"href":"https:\/\/dehub.netgear.com\/de\/hub\/wp-json\/wp\/v2\/comments?post=10154"}],"version-history":[{"count":7,"href":"https:\/\/dehub.netgear.com\/de\/hub\/wp-json\/wp\/v2\/pages\/10154\/revisions"}],"predecessor-version":[{"id":10161,"href":"https:\/\/dehub.netgear.com\/de\/hub\/wp-json\/wp\/v2\/pages\/10154\/revisions\/10161"}],"up":[{"embeddable":true,"href":"https:\/\/dehub.netgear.com\/de\/hub\/wp-json\/wp\/v2\/pages\/10321"}],"wp:featuredmedia":[{"embeddable":true,"href":"https:\/\/dehub.netgear.com\/de\/hub\/wp-json\/wp\/v2\/media\/10153"}],"wp:attachment":[{"href":"https:\/\/dehub.netgear.com\/de\/hub\/wp-json\/wp\/v2\/media?parent=10154"}],"curies":[{"name":"wp","href":"https:\/\/api.w.org\/{rel}","templated":true}]}}