{"id":10145,"date":"2025-04-08T11:57:05","date_gmt":"2025-04-08T09:57:05","guid":{"rendered":"https:\/\/dehub.netgear.com\/de\/hub\/business\/av\/die-innovative-ip-broadcast-losung-von-emg-2\/"},"modified":"2025-09-04T14:27:08","modified_gmt":"2025-09-04T12:27:08","slug":"battlebots-destruct-a-thon","status":"publish","type":"page","link":"https:\/\/dehub.netgear.com\/de\/hub\/business\/case-studies\/av-case-studies\/battlebots-destruct-a-thon\/","title":{"rendered":"BattleBots Destruct-A-Thon"},"content":{"rendered":"    <div class=\"table-of-content bg-gray\">\n        <p><strong>IN THIS ARTICLE<\/strong><\/p>\n        <ul>\n                        <li><a href=\"#topic2\">EINF\u00dcHRUNG<\/a><\/li>\n                        <li><a href=\"#topic3\">HINTERGRUND<\/a><\/li>\n                        <li><a href=\"#topic4\">SUPERSCHNELLE LIVE-PRODUKTION<\/a><\/li>\n                        <li><a href=\"#topic5\">DIE ENTSCHEIDENDE ROLLE DES NETGEAR M4250-SWITCHES<\/a><\/li>\n                        <li><a href=\"#topic6\">NETZWERKUNTERST\u00dcTZUNG DER PROFIKLASSE<\/a><\/li>\n                    <\/ul>\n    <\/div>\n        <div id=\"topic1\" class=\"skip-item\">\n                        <p>BattleBots Destruct-A-Thon: So unterst\u00fctzt NETGEAR das Live-Produktionsteam bei der Bereitstellung eines erfolgreichen AV-Kinoerlebnisses.<\/p>\n<div style=\"background-color: #eeeeee;padding: 20px;width: 33%;float: right\">\n<p><strong>Firmenname: <\/strong><br \/>\nBattleBots Inc.<\/p>\n<p><strong>Branche:<\/strong><br \/>\nMedien und Produktion<\/p>\n<p><strong>Website des Unternehmens:<\/strong><br \/>\n<a href=\"https:\/\/www.battlebots.com\">battlebots.com<\/a><\/p>\n<p><strong>Geographische Region:<\/strong><br \/>\nHilversum, Niederlande<br \/>\nNevada, USA<\/p>\n<\/div>\n    <\/div>\n        <div id=\"topic2\" class=\"skip-item\">\n                        <h2>EINF\u00dcHRUNG<\/h2>\n                <p>BattleBots Destruct-A-Thon basiert auf der \u00e4u\u00dferst erfolgreichen TV-Serie \u201eBattleBots\u201c und ist eine energiegeladene, sensationelle Live-Show. W\u00e4hrend der Saison zieht sie jeden Tag gro\u00dfe Menschenmassen an, die einige der weltber\u00fchmten Roboter in der ber\u00fchmten Battle Box-Arena k\u00e4mpfen sehen wollen. Um Zuschauern dieses sensationellen Spektakels ein spannendes Kinoerlebnis bieten zu k\u00f6nnen, setzen die Experten des Live-Produktionsteams auf erstklassige AV-Qualit\u00e4t. Erm\u00f6glicht wird diese durch die stabile Leistung eines NETGEAR AV-Netzwerk-Switches.<\/p>\n    <\/div>\n        <div id=\"topic3\" class=\"skip-item\">\n                        <h2>HINTERGRUND<\/h2>\n                <p>Im Laufe der Jahre hat sich die TV-Serie BattleBots zu einem weltweiten Ph\u00e4nomen entwickelt, das an Millionen von Zuschauern in \u00fcber 150 L\u00e4ndern weltweit ausgestrahlt wird. Ihre Sch\u00f6pfer haben in Las Vegas nun die weltweit erste, t\u00e4glich stattfindende Roboter-Kampfshow ins Leben gerufen, die w\u00e4hrend der Saison ein Publikum von bis zu 800 Personen pro Tag vorweisen kann. Diese gewaltigen und schnellen Kampfroboter<br \/>\nbegeistern Fans aller Altersklassen weltweit \u2013 darunter z. B. Witch Doctor, Kraken, Mammoth, HyperShock und Whiplash sowie mehrere neue \u201eBots\u201c, die speziell f\u00fcr diese Live-Show entwickelt wurden.<\/p>\n<p>BattleBots Destruct-A-Thon ist eine unglaublich energiegeladene 75-min\u00fctige Show mit einer Kombination aus Live-Action und Sofortwiederholungen. F\u00fcr ein fesselndes Kinoerlebnis und einzigartiges sportliches Ereignis dieser Art braucht es jemanden, der wei\u00df, wie man diese Elemente organisiert und gleichzeitig die Leistung des AV-Systems, auf das die Show angewiesen ist, gew\u00e4hrleistet. Fox Weitzel, Head of Video bei BattleBots Destruct-A-Thon, vereint diese F\u00e4higkeiten durch seine umfassende Erfahrung in der IT-Technologie, der Kinoproduktion und bei Live-Sportveranstaltungen.<\/p>\n    <\/div>\n        <div id=\"topic4\" class=\"skip-item\">\n                        <h2>SUPERSCHNELLE LIVE-PRODUKTION<\/h2>\n                <p><img loading=\"lazy\" decoding=\"async\" class=\"size-medium wp-image-10149 alignleft\" src=\"https:\/\/dehub.netgear.com\/de\/hub\/wp-content\/uploads\/2025\/04\/visuels-batlebots-300x225.jpg\" alt=\"\" width=\"300\" height=\"225\" srcset=\"https:\/\/dehub.netgear.com\/de\/hub\/wp-content\/uploads\/2025\/04\/visuels-batlebots-300x225.jpg 300w, https:\/\/dehub.netgear.com\/de\/hub\/wp-content\/uploads\/2025\/04\/visuels-batlebots-1024x768.jpg 1024w, https:\/\/dehub.netgear.com\/de\/hub\/wp-content\/uploads\/2025\/04\/visuels-batlebots-768x576.jpg 768w, https:\/\/dehub.netgear.com\/de\/hub\/wp-content\/uploads\/2025\/04\/visuels-batlebots-1536x1152.jpg 1536w, https:\/\/dehub.netgear.com\/de\/hub\/wp-content\/uploads\/2025\/04\/visuels-batlebots-2048x1536.jpg 2048w, https:\/\/dehub.netgear.com\/de\/hub\/wp-content\/uploads\/2025\/04\/visuels-batlebots-383x288.jpg 383w\" sizes=\"auto, (max-width: 300px) 100vw, 300px\" \/>Die Geschwindigkeit, mit der Fox und sein Team arbeiten m\u00fcssen, ist unglaublich. \u201eBeim Schneiden einer Live-Show m\u00fcssen wir schnell sein. Alles muss blitzschnell gehen, und ich muss mich darauf verlassen k\u00f6nnen, dass jeder Tastendruck genau so funktioniert wie er soll. Die volle Kontrolle \u00fcber die Show zu haben ist unerl\u00e4sslich. Alles muss ohne Unterbrechung funktionieren. Wenn es ein Problem gibt, haben mein Team oder ich ein Fenster von 90\u2013120 Sekunden, um es zu beheben.\u201c<\/p>\n<p>Im BattleBots-Kontrollraum kann Fox die Medienwiedergabe, das Wiederholungssystem und den Mischer gleichzeitig ausf\u00fchren \u2013 ein Worst-Case-Szenario. W\u00e4hrend einer normalen Show gibt es einen Techniker und ein Team von f\u00fcnf laufenden Kameras vor Ort. \u201eAlles bei uns ist darauf ausgelegt, Katastrophen zu vermeiden und eine schnelle Fehlerbehebung zu gew\u00e4hrleisten. Wenn etwas schief geht, k\u00f6nnen mein Team oder ich es sofort beheben.\u201c<\/p>\n    <\/div>\n        <div id=\"topic5\" class=\"skip-item\">\n                        <h2>DIE ENTSCHEIDENDE ROLLE DES NETGEAR M4250-SWITCHES<\/h2>\n                <p>Ein entscheidendes Element zur Gew\u00e4hrleistung des reibungslosen Ablaufs in dieser kritischen Situation ist ein NETGEAR M4250-26G4FPoE+-Netzwerk-Switch, der speziell f\u00fcr AV entwickelt wurde und mit dem Blackmagic Produktionsmischer und den Videohubs, allen Panasonic PTZ-Kameras sowie den gesamten Ger\u00e4ten, die die Show \u00fcberwachen, verbunden ist. Die PoE-Funktionen des NETGEAR AV-Switches werden auch verwendet, um drei PTZ-Kameras mit Strom zu versorgen.<\/p>\n<p>Fox kannte NETGEAR bereits: \u201eIch habe schon in der Vergangenheit mit NETGEAR zusammengearbeitet und war immer zufrieden. Diesmal war der M4250 das richtige Tool f\u00fcr unsere Anforderungen \u2013 mit der passenden Leistung und dem passenden Preis. Und dank der Benutzerfreundlichkeit ist der Switch einfach zu konfigurieren und zu sichern.\u201c<\/p>\n<p>\u201eNETGEAR war f\u00fcr uns eine wirklich gute Wahl, da der Switch \u00fcber alle f\u00fcr unsere Anforderungen erforderlichen AV-Profile mit nativer Integration verf\u00fcgt. Die AV-Profile, bei denen ein Assistent Sie durch<br \/>\ndie Konfiguration f\u00fchrt, sind wirklich super. So gestaltet sich der Prozess nicht m\u00fchsam, sondern alles funktioniert direkt nach der Einrichtung.\u201c<\/p>\n    <\/div>\n        <div id=\"topic6\" class=\"skip-item\">\n                        <h2>NETZWERKUNTERST\u00dcTZUNG DER PROFIKLASSE<\/h2>\n                <p>Trotz der Benutzerfreundlichkeit des NETGEAR Switches und der Erfahrung mit IT-Netzwerken von Fox gab es noch einige offene Fragen. Da vor der Er\u00f6ffnung der Live-Show keine Zeit mehr zu verlieren war, wurde ein Telefonat mit dem NETGEAR Pro AV-Designteam vereinbart. \u201eNicole von NETGEAR war wirklich klasse\u201c, erz\u00e4hlt Fox. \u201eIn nur zehn Minuten hatte sie uns durch den Prozess gef\u00fchrt, und alles lief reibungslos. Zack, das war erledigt \u2013 und wir konnten uns auf andere Themen in der Vorbereitung konzentrieren.\u201c<\/p>\n<p>\u201eSeit der Installation hatte ich keine Probleme mit dem Switch. Durch die nativen \u00dcberwachungsfunktionen ist Schluss mit dem R\u00e4tselraten bei der Fehlerbehebung und der Diagnose von Signalproblemen.\u201c<\/p>\n<p>\u201eIch kann sagen, dass der NETGEAR AV-Switch eines der besten Ger\u00e4te war, die wir je installiert haben \u2013 und das ohne Probleme. Wir sind wirklich sehr zufrieden\u201c, fasst Fox zusammen. \u201eWir achten auch darauf, dass keine Roboter Teile auf den Switch schie\u00dfen. Das gilt jedoch nicht f\u00fcr unsere Kameras. Wenn ich jedoch ein Problem h\u00e4tte, das ich nicht l\u00f6sen kann, st\u00fcnde mir das NETGEAR Pro AV-Team zur Seite.\u201c Wir sind stolz darauf, zu wissen, dass dieser Switch die Leistung und Zuverl\u00e4ssigkeit liefert, die diese spannende, sensationelle Show verdient, dabei ein erstklassiges Kinoerlebnis gew\u00e4hrleistet und Fox und das Team unterst\u00fctzt.<\/p>\n    <\/div>\n        <div id=\"topic7\" class=\"skip-item\">\n                        <div style=\"background-color: #eeeeee;padding: 20px;width: 100%\">\n<p><strong>Dieses Projekt inspiriert Sie?<\/strong><br \/>\nKontaktieren Sie unser ProAV-Team und besprechen Sie Ihr Projekt mit unseren AV-Experten:<br \/>\n<button style=\"font-size: 18px\"><a href=\"mailto:ProAVDesign@netgear.com\"><strong>ProAVDesign@netgear.com<\/strong><\/a><\/button><\/p>\n<p>Oder w\u00fcnschen Sie einen R\u00fcckruf?<br \/>\n<button style=\"font-size: 18px\"><a href=\"https:\/\/www.netgear.com\/de\/business\/av\/services\/proav-designsupport\/#contactformsupport\"><strong>Kontaktieren Sie mich<\/strong><\/a><\/button><\/p>\n<p>Mehr erfahren:<br \/>\n<button style=\"font-size: 18px\"><a href=\"https:\/\/www.downloads.netgear.com\/files\/GDC\/M4250\/M4250_AV_UM_EN.pdf?\"><strong>Datenblatt M4250<\/strong><\/a><\/button><\/p>\n<\/div>\n    <\/div>\n        <div id=\"topic8\" class=\"skip-item\">\n                            <\/div>\n    \n","protected":false},"excerpt":{"rendered":"","protected":false},"author":90,"featured_media":10148,"parent":10321,"menu_order":16,"comment_status":"closed","ping_status":"closed","template":"templates\/blog-wifi.php","meta":{"_acf_changed":false,"footnotes":""},"class_list":["post-10145","page","type-page","status-publish","has-post-thumbnail","hentry"],"acf":[],"yoast_head":"<!-- This site is optimized with the Yoast SEO plugin v27.4 - https:\/\/yoast.com\/product\/yoast-seo-wordpress\/ -->\n<title>BattleBots Destruct-A-Thon - NETGEAR Hub<\/title>\n<meta name=\"description\" content=\"BattleBots Destruct-A-Thon: So unterst\u00fctzt NETGEAR das Live-Produktionsteam bei der Bereitstellung eines erfolgreichen AV-Kinoerlebnisses.\" \/>\n<meta name=\"robots\" content=\"index, follow, max-snippet:-1, max-image-preview:large, max-video-preview:-1\" \/>\n<link rel=\"canonical\" href=\"https:\/\/dehub.netgear.com\/de\/hub\/business\/case-studies\/av-case-studies\/battlebots-destruct-a-thon\/\" \/>\n<meta property=\"og:locale\" content=\"de_DE\" \/>\n<meta property=\"og:type\" content=\"article\" \/>\n<meta property=\"og:title\" content=\"BattleBots Destruct-A-Thon - NETGEAR Hub\" \/>\n<meta property=\"og:description\" content=\"BattleBots Destruct-A-Thon: So unterst\u00fctzt NETGEAR das Live-Produktionsteam bei der Bereitstellung eines erfolgreichen AV-Kinoerlebnisses.\" \/>\n<meta property=\"og:url\" content=\"https:\/\/dehub.netgear.com\/de\/hub\/business\/case-studies\/av-case-studies\/battlebots-destruct-a-thon\/\" \/>\n<meta property=\"og:site_name\" content=\"NETGEAR Hub\" \/>\n<meta property=\"article:publisher\" content=\"https:\/\/www.facebook.com\/NetgearAU\/\" \/>\n<meta property=\"article:modified_time\" content=\"2025-09-04T12:27:08+00:00\" \/>\n<meta property=\"og:image\" content=\"https:\/\/dehub.netgear.com\/de\/hub\/wp-content\/uploads\/2025\/04\/Vignettes-BattleBots.png\" \/>\n\t<meta property=\"og:image:width\" content=\"350\" \/>\n\t<meta property=\"og:image:height\" content=\"320\" \/>\n\t<meta property=\"og:image:type\" content=\"image\/png\" \/>\n<meta name=\"twitter:card\" content=\"summary_large_image\" \/>\n<meta name=\"twitter:site\" content=\"@NETGEAR\" \/>\n<script type=\"application\/ld+json\" class=\"yoast-schema-graph\">{\"@context\":\"https:\\\/\\\/schema.org\",\"@graph\":[{\"@type\":\"WebPage\",\"@id\":\"https:\\\/\\\/dehub.netgear.com\\\/de\\\/hub\\\/business\\\/case-studies\\\/av-case-studies\\\/battlebots-destruct-a-thon\\\/\",\"url\":\"https:\\\/\\\/dehub.netgear.com\\\/de\\\/hub\\\/business\\\/case-studies\\\/av-case-studies\\\/battlebots-destruct-a-thon\\\/\",\"name\":\"BattleBots Destruct-A-Thon - NETGEAR Hub\",\"isPartOf\":{\"@id\":\"https:\\\/\\\/dehub.netgear.com\\\/de\\\/hub\\\/#website\"},\"primaryImageOfPage\":{\"@id\":\"https:\\\/\\\/dehub.netgear.com\\\/de\\\/hub\\\/business\\\/case-studies\\\/av-case-studies\\\/battlebots-destruct-a-thon\\\/#primaryimage\"},\"image\":{\"@id\":\"https:\\\/\\\/dehub.netgear.com\\\/de\\\/hub\\\/business\\\/case-studies\\\/av-case-studies\\\/battlebots-destruct-a-thon\\\/#primaryimage\"},\"thumbnailUrl\":\"https:\\\/\\\/dehub.netgear.com\\\/de\\\/hub\\\/wp-content\\\/uploads\\\/2025\\\/04\\\/Vignettes-BattleBots.png\",\"datePublished\":\"2025-04-08T09:57:05+00:00\",\"dateModified\":\"2025-09-04T12:27:08+00:00\",\"description\":\"BattleBots Destruct-A-Thon: So unterst\u00fctzt NETGEAR das Live-Produktionsteam bei der Bereitstellung eines erfolgreichen AV-Kinoerlebnisses.\",\"breadcrumb\":{\"@id\":\"https:\\\/\\\/dehub.netgear.com\\\/de\\\/hub\\\/business\\\/case-studies\\\/av-case-studies\\\/battlebots-destruct-a-thon\\\/#breadcrumb\"},\"inLanguage\":\"de\",\"potentialAction\":[{\"@type\":\"ReadAction\",\"target\":[\"https:\\\/\\\/dehub.netgear.com\\\/de\\\/hub\\\/business\\\/case-studies\\\/av-case-studies\\\/battlebots-destruct-a-thon\\\/\"]}]},{\"@type\":\"ImageObject\",\"inLanguage\":\"de\",\"@id\":\"https:\\\/\\\/dehub.netgear.com\\\/de\\\/hub\\\/business\\\/case-studies\\\/av-case-studies\\\/battlebots-destruct-a-thon\\\/#primaryimage\",\"url\":\"https:\\\/\\\/dehub.netgear.com\\\/de\\\/hub\\\/wp-content\\\/uploads\\\/2025\\\/04\\\/Vignettes-BattleBots.png\",\"contentUrl\":\"https:\\\/\\\/dehub.netgear.com\\\/de\\\/hub\\\/wp-content\\\/uploads\\\/2025\\\/04\\\/Vignettes-BattleBots.png\",\"width\":350,\"height\":320},{\"@type\":\"BreadcrumbList\",\"@id\":\"https:\\\/\\\/dehub.netgear.com\\\/de\\\/hub\\\/business\\\/case-studies\\\/av-case-studies\\\/battlebots-destruct-a-thon\\\/#breadcrumb\",\"itemListElement\":[{\"@type\":\"ListItem\",\"position\":1,\"name\":\"Home\",\"item\":\"https:\\\/\\\/dehub.netgear.com\\\/de\\\/hub\\\/\"},{\"@type\":\"ListItem\",\"position\":2,\"name\":\"Business Articles Hub\",\"item\":\"https:\\\/\\\/dehub.netgear.com\\\/de\\\/hub\\\/business\\\/\"},{\"@type\":\"ListItem\",\"position\":3,\"name\":\"All Case Studies &#8211; DE\",\"item\":\"https:\\\/\\\/dehub.netgear.com\\\/de\\\/hub\\\/business\\\/case-studies\\\/\"},{\"@type\":\"ListItem\",\"position\":4,\"name\":\"AV Case Studies &#8211; DE\",\"item\":\"https:\\\/\\\/dehub.netgear.com\\\/de\\\/hub\\\/business\\\/case-studies\\\/av-case-studies\\\/\"},{\"@type\":\"ListItem\",\"position\":5,\"name\":\"BattleBots Destruct-A-Thon\"}]},{\"@type\":\"WebSite\",\"@id\":\"https:\\\/\\\/dehub.netgear.com\\\/de\\\/hub\\\/#website\",\"url\":\"https:\\\/\\\/dehub.netgear.com\\\/de\\\/hub\\\/\",\"name\":\"NETGEAR\",\"description\":\"Erkunden Sie unsere Hub-Seiten und st\u00f6bern Sie in Artikeln, um mehr \u00fcber NETGEAR Produkte und Technologien zu erfahren.\",\"publisher\":{\"@id\":\"https:\\\/\\\/dehub.netgear.com\\\/de\\\/hub\\\/#organization\"},\"potentialAction\":[{\"@type\":\"SearchAction\",\"target\":{\"@type\":\"EntryPoint\",\"urlTemplate\":\"https:\\\/\\\/dehub.netgear.com\\\/de\\\/hub\\\/?s={search_term_string}\"},\"query-input\":{\"@type\":\"PropertyValueSpecification\",\"valueRequired\":true,\"valueName\":\"search_term_string\"}}],\"inLanguage\":\"de\"},{\"@type\":\"Organization\",\"@id\":\"https:\\\/\\\/dehub.netgear.com\\\/de\\\/hub\\\/#organization\",\"name\":\"NETGEAR\",\"url\":\"https:\\\/\\\/dehub.netgear.com\\\/de\\\/hub\\\/\",\"logo\":{\"@type\":\"ImageObject\",\"inLanguage\":\"de\",\"@id\":\"https:\\\/\\\/dehub.netgear.com\\\/de\\\/hub\\\/#\\\/schema\\\/logo\\\/image\\\/\",\"url\":\"https:\\\/\\\/www.dehub.netgear.com\\\/de\\\/hub\\\/wp-content\\\/uploads\\\/2019\\\/07\\\/NETGEAR_logo.jpg\",\"contentUrl\":\"https:\\\/\\\/www.dehub.netgear.com\\\/de\\\/hub\\\/wp-content\\\/uploads\\\/2019\\\/07\\\/NETGEAR_logo.jpg\",\"width\":1500,\"height\":501,\"caption\":\"NETGEAR\"},\"image\":{\"@id\":\"https:\\\/\\\/dehub.netgear.com\\\/de\\\/hub\\\/#\\\/schema\\\/logo\\\/image\\\/\"},\"sameAs\":[\"https:\\\/\\\/www.facebook.com\\\/NetgearAU\\\/\",\"https:\\\/\\\/x.com\\\/NETGEAR\",\"https:\\\/\\\/www.linkedin.com\\\/company\\\/netgear\"]}]}<\/script>\n<!-- \/ Yoast SEO plugin. -->","yoast_head_json":{"title":"BattleBots Destruct-A-Thon - NETGEAR Hub","description":"BattleBots Destruct-A-Thon: So unterst\u00fctzt NETGEAR das Live-Produktionsteam bei der Bereitstellung eines erfolgreichen AV-Kinoerlebnisses.","robots":{"index":"index","follow":"follow","max-snippet":"max-snippet:-1","max-image-preview":"max-image-preview:large","max-video-preview":"max-video-preview:-1"},"canonical":"https:\/\/dehub.netgear.com\/de\/hub\/business\/case-studies\/av-case-studies\/battlebots-destruct-a-thon\/","og_locale":"de_DE","og_type":"article","og_title":"BattleBots Destruct-A-Thon - NETGEAR Hub","og_description":"BattleBots Destruct-A-Thon: So unterst\u00fctzt NETGEAR das Live-Produktionsteam bei der Bereitstellung eines erfolgreichen AV-Kinoerlebnisses.","og_url":"https:\/\/dehub.netgear.com\/de\/hub\/business\/case-studies\/av-case-studies\/battlebots-destruct-a-thon\/","og_site_name":"NETGEAR Hub","article_publisher":"https:\/\/www.facebook.com\/NetgearAU\/","article_modified_time":"2025-09-04T12:27:08+00:00","og_image":[{"width":350,"height":320,"url":"https:\/\/dehub.netgear.com\/de\/hub\/wp-content\/uploads\/2025\/04\/Vignettes-BattleBots.png","type":"image\/png"}],"twitter_card":"summary_large_image","twitter_site":"@NETGEAR","schema":{"@context":"https:\/\/schema.org","@graph":[{"@type":"WebPage","@id":"https:\/\/dehub.netgear.com\/de\/hub\/business\/case-studies\/av-case-studies\/battlebots-destruct-a-thon\/","url":"https:\/\/dehub.netgear.com\/de\/hub\/business\/case-studies\/av-case-studies\/battlebots-destruct-a-thon\/","name":"BattleBots Destruct-A-Thon - NETGEAR Hub","isPartOf":{"@id":"https:\/\/dehub.netgear.com\/de\/hub\/#website"},"primaryImageOfPage":{"@id":"https:\/\/dehub.netgear.com\/de\/hub\/business\/case-studies\/av-case-studies\/battlebots-destruct-a-thon\/#primaryimage"},"image":{"@id":"https:\/\/dehub.netgear.com\/de\/hub\/business\/case-studies\/av-case-studies\/battlebots-destruct-a-thon\/#primaryimage"},"thumbnailUrl":"https:\/\/dehub.netgear.com\/de\/hub\/wp-content\/uploads\/2025\/04\/Vignettes-BattleBots.png","datePublished":"2025-04-08T09:57:05+00:00","dateModified":"2025-09-04T12:27:08+00:00","description":"BattleBots Destruct-A-Thon: So unterst\u00fctzt NETGEAR das Live-Produktionsteam bei der Bereitstellung eines erfolgreichen AV-Kinoerlebnisses.","breadcrumb":{"@id":"https:\/\/dehub.netgear.com\/de\/hub\/business\/case-studies\/av-case-studies\/battlebots-destruct-a-thon\/#breadcrumb"},"inLanguage":"de","potentialAction":[{"@type":"ReadAction","target":["https:\/\/dehub.netgear.com\/de\/hub\/business\/case-studies\/av-case-studies\/battlebots-destruct-a-thon\/"]}]},{"@type":"ImageObject","inLanguage":"de","@id":"https:\/\/dehub.netgear.com\/de\/hub\/business\/case-studies\/av-case-studies\/battlebots-destruct-a-thon\/#primaryimage","url":"https:\/\/dehub.netgear.com\/de\/hub\/wp-content\/uploads\/2025\/04\/Vignettes-BattleBots.png","contentUrl":"https:\/\/dehub.netgear.com\/de\/hub\/wp-content\/uploads\/2025\/04\/Vignettes-BattleBots.png","width":350,"height":320},{"@type":"BreadcrumbList","@id":"https:\/\/dehub.netgear.com\/de\/hub\/business\/case-studies\/av-case-studies\/battlebots-destruct-a-thon\/#breadcrumb","itemListElement":[{"@type":"ListItem","position":1,"name":"Home","item":"https:\/\/dehub.netgear.com\/de\/hub\/"},{"@type":"ListItem","position":2,"name":"Business Articles Hub","item":"https:\/\/dehub.netgear.com\/de\/hub\/business\/"},{"@type":"ListItem","position":3,"name":"All Case Studies &#8211; DE","item":"https:\/\/dehub.netgear.com\/de\/hub\/business\/case-studies\/"},{"@type":"ListItem","position":4,"name":"AV Case Studies &#8211; DE","item":"https:\/\/dehub.netgear.com\/de\/hub\/business\/case-studies\/av-case-studies\/"},{"@type":"ListItem","position":5,"name":"BattleBots Destruct-A-Thon"}]},{"@type":"WebSite","@id":"https:\/\/dehub.netgear.com\/de\/hub\/#website","url":"https:\/\/dehub.netgear.com\/de\/hub\/","name":"NETGEAR","description":"Erkunden Sie unsere Hub-Seiten und st\u00f6bern Sie in Artikeln, um mehr \u00fcber NETGEAR Produkte und Technologien zu erfahren.","publisher":{"@id":"https:\/\/dehub.netgear.com\/de\/hub\/#organization"},"potentialAction":[{"@type":"SearchAction","target":{"@type":"EntryPoint","urlTemplate":"https:\/\/dehub.netgear.com\/de\/hub\/?s={search_term_string}"},"query-input":{"@type":"PropertyValueSpecification","valueRequired":true,"valueName":"search_term_string"}}],"inLanguage":"de"},{"@type":"Organization","@id":"https:\/\/dehub.netgear.com\/de\/hub\/#organization","name":"NETGEAR","url":"https:\/\/dehub.netgear.com\/de\/hub\/","logo":{"@type":"ImageObject","inLanguage":"de","@id":"https:\/\/dehub.netgear.com\/de\/hub\/#\/schema\/logo\/image\/","url":"https:\/\/www.dehub.netgear.com\/de\/hub\/wp-content\/uploads\/2019\/07\/NETGEAR_logo.jpg","contentUrl":"https:\/\/www.dehub.netgear.com\/de\/hub\/wp-content\/uploads\/2019\/07\/NETGEAR_logo.jpg","width":1500,"height":501,"caption":"NETGEAR"},"image":{"@id":"https:\/\/dehub.netgear.com\/de\/hub\/#\/schema\/logo\/image\/"},"sameAs":["https:\/\/www.facebook.com\/NetgearAU\/","https:\/\/x.com\/NETGEAR","https:\/\/www.linkedin.com\/company\/netgear"]}]}},"_links":{"self":[{"href":"https:\/\/dehub.netgear.com\/de\/hub\/wp-json\/wp\/v2\/pages\/10145","targetHints":{"allow":["GET"]}}],"collection":[{"href":"https:\/\/dehub.netgear.com\/de\/hub\/wp-json\/wp\/v2\/pages"}],"about":[{"href":"https:\/\/dehub.netgear.com\/de\/hub\/wp-json\/wp\/v2\/types\/page"}],"author":[{"embeddable":true,"href":"https:\/\/dehub.netgear.com\/de\/hub\/wp-json\/wp\/v2\/users\/90"}],"replies":[{"embeddable":true,"href":"https:\/\/dehub.netgear.com\/de\/hub\/wp-json\/wp\/v2\/comments?post=10145"}],"version-history":[{"count":5,"href":"https:\/\/dehub.netgear.com\/de\/hub\/wp-json\/wp\/v2\/pages\/10145\/revisions"}],"predecessor-version":[{"id":10488,"href":"https:\/\/dehub.netgear.com\/de\/hub\/wp-json\/wp\/v2\/pages\/10145\/revisions\/10488"}],"up":[{"embeddable":true,"href":"https:\/\/dehub.netgear.com\/de\/hub\/wp-json\/wp\/v2\/pages\/10321"}],"wp:featuredmedia":[{"embeddable":true,"href":"https:\/\/dehub.netgear.com\/de\/hub\/wp-json\/wp\/v2\/media\/10148"}],"wp:attachment":[{"href":"https:\/\/dehub.netgear.com\/de\/hub\/wp-json\/wp\/v2\/media?parent=10145"}],"curies":[{"name":"wp","href":"https:\/\/api.w.org\/{rel}","templated":true}]}}