{"id":10040,"date":"2024-12-10T09:01:32","date_gmt":"2024-12-10T08:01:32","guid":{"rendered":"https:\/\/dehub.netgear.com\/de\/hub\/?page_id=10040"},"modified":"2024-12-28T07:25:41","modified_gmt":"2024-12-28T06:25:41","slug":"funk-dsl-fuer-zuhause","status":"publish","type":"page","link":"https:\/\/dehub.netgear.com\/de\/hub\/network\/funk-dsl-fuer-zuhause\/","title":{"rendered":"Was ist FUNK-DSL f\u00fcr Zuhause"},"content":{"rendered":"    <div class=\"table-of-content bg-gray\">\n        <p><strong>IN THIS ARTICLE<\/strong><\/p>\n        <ul>\n                        <li><a href=\"#topic1\">Hochgeschwindigkeits-Funk-DSL-Internet \u00fcberall<\/a><\/li>\n                        <li><a href=\"#topic2\">Anwendungsf\u00e4lle f\u00fcr Fixed Wireless Hotspots<\/a><\/li>\n                        <li><a href=\"#topic3\">NETGEAR 4G LTE-Modem<\/a><\/li>\n                        <li><a href=\"#topic4\">Der Mobile Hotspot als Alternative zum Heim-WLAN<\/a><\/li>\n                        <li><a href=\"#topic5\">NETGEAR In-Home Performance Mode<\/a><\/li>\n                        <li><a href=\"#topic6\">Vorteile von Funk-DSL-Internet<\/a><\/li>\n                    <\/ul>\n    <\/div>\n        <div id=\"topic1\" class=\"skip-item\">\n                        <h2>Hochgeschwindigkeits-Funk-DSL-Internet \u00fcberall<\/h2>\n                <p>Die Mobilfunktechnologie hat sich im letzten Jahrzehnt enorm weiterentwickelt, und 5G-Heiminternet ist nun Realit\u00e4t. Internet-Tarife und Preise sind wettbewerbsf\u00e4hig, und jetzt ist ein idealer Zeitpunkt, den herk\u00f6mmlichen WLAN-Router durch einen Funk-DSL-Internetzugang zu ersetzen. Fortschritte in der WLAN-Technologie haben vielseitige und multifunktionale M\u00f6glichkeiten geschaffen, um das Internet an festen Standorten zu Hause, im B\u00fcro oder sogar unterwegs zu nutzen. Die heutigen Funk-DSL-Netzwerke bieten geringe Latenzzeiten, schnelle Download-Geschwindigkeiten, mehr Bandbreite und die M\u00f6glichkeit, fast \u00fcberall eine Verbindung zu Internetzugangspunkten herzustellen.superschnell, nahtlos und dekorativ &#8211; ohne unansehnliche Kabel, die sich verheddern.<\/p>\n    <\/div>\n        <div id=\"topic2\" class=\"skip-item\">\n                        <h2>Anwendungsf\u00e4lle f\u00fcr Fixed Wireless Hotspots<\/h2>\n                <p>Was ist Funk-DSL? Funk-DSL-Internet gibt Ihnen die Freiheit, sich \u00fcberall dort zu verbinden, wo es ein Mobilfunksignal oder WLAN \u00fcber Mobilfunk gibt. Funk-DSL-Zug\u00e4nge sind ideal f\u00fcr Internetverbindungen zu Hause und im B\u00fcro. Diese Dienste sind auch perfekt f\u00fcr l\u00e4ndliche Gebiete und f\u00fcr Menschen, die oft umziehen und keinen dauerhaften Kabelanschluss haben. Mit 5G- oder 4G-LTE-Funkinternet k\u00f6nnen Sie alle WLAN-Ger\u00e4te in Ihrem Zuhause oder Arbeitsplatz verbinden. Funk-DSL- und Mobile-Hotspot-Vertr\u00e4ge bieten Optionen f\u00fcr automatische Zahlungen und unbegrenztes Datenvolumen. Zu den Anwendungsf\u00e4llen geh\u00f6ren:<\/p>\n<ul>\n<li><strong>Prim\u00e4re Internetverbindung<\/strong> f\u00fcr l\u00e4ndliche Gebiete und Haushalte ohne schnellen Kabel- oder Glasfaserzugang. Greifen Sie \u00fcber Mobilfunksignale von 5G und 4G LTE sowie \u00fcber WLAN aus dem Mobilfunknetz auf Ihr Heimnetzwerk zu.<\/li>\n<li><strong>Backup-\/Ausfallverbindung<\/strong>, wenn Ihr Kabel- oder DSL-Anschluss nicht verf\u00fcgbar ist. 5G und 4G LTE garantieren eine konstante Verbindung f\u00fcr Ihre pers\u00f6nlichen Ger\u00e4te und Smart-Home-Anwendungen.<\/li>\n<li><strong>Bedarfsgerechte Verbindung<\/strong> f\u00fcr kurzfristigen Internetzugang zu Hause, auf Reisen oder am Zielort.<\/li>\n<li>Einfache und schnelle DIY-Installation: Verwenden Sie eine aktivierte SIM-Karte und steuern Sie die Einstellungen \u00fcber die mobile NETGEAR-App.<\/li>\n<\/ul>\n<div class=\"explore-btn-area\"><a class=\"explore-btn\" href=\"https:\/\/www.netgear.com\/de\/home\/mobile-wifi\/routers\/\">JETZT KAUFEN 4G LTE-Modems<\/a><\/div>\n<div class=\"explore-btn-area\"><a class=\"explore-btn\" href=\"https:\/\/www.netgear.com\/de\/home\/mobile-wifi\/lte-modems\/\">JETZT KAUFEN 4G LTE-Modems<\/a><\/div>\n    <\/div>\n        <div id=\"topic3\" class=\"skip-item\">\n                        <h2>NETGEAR 4G LTE-Modem<\/h2>\n                <p>F\u00fcr Haushalte mit langsamen Internetoptionen (DSL) oder ohne festen Breitbandanschluss kann das NETGEAR LM1200 4G LTE Modem die ideale Funk-DSL-Internetverbindung bieten. Ein 4G LTE Modem erm\u00f6glicht Internetgeschwindigkeiten von bis zu 150 Mbit\/s und sorgt f\u00fcr ein erstklassiges Streaming- und Gaming-Erlebnis ohne Einschr\u00e4nkungen. Die Einrichtung ist ganz einfach: Stecken Sie eine aktive Nano-SIM-Karte Ihres Anbieters ein, um sofortigen Zugriff auf das LTE-Netzwerk als prim\u00e4re Verbindung f\u00fcr Ihr Zuhause oder Unternehmen zu erhalten.<\/p>\n<p>Verbinden Sie das Modem mit jedem WLAN-Router oder -System, um die Reichweite und Geschwindigkeit f\u00fcr alle Ger\u00e4te in Ihrem Zuhause oder B\u00fcro zu erh\u00f6hen. Verbessern Sie die Konnektivit\u00e4t und Reichweite mit einer omnidirektionalen externen Antenne. Das NETGEAR LM1200 4G LTE Modem ist jetzt zertifiziert f\u00fcr Telekom, Vodafone und o2.<\/p>\n    <\/div>\n        <div id=\"topic4\" class=\"skip-item\">\n                        <h2>Der Mobile Hotspot als Alternative zum Heim-WLAN<\/h2>\n                <p>Die besten mobilen Hotspots, wie der Nighthawk M6 Pro 5G mmWave WiFi 6E Mobile Hotspot, bieten eine Leistung, die fast mit den neuesten WLAN-Routern f\u00fcr Zuhause vergleichbar ist. Der M6 Pro erreicht drahtlose Geschwindigkeiten von bis zu 8 Gbit\/s und ist in \u00fcber 125 L\u00e4ndern weltweit entsperrt. Legen Sie eine SIM-Karte Ihres bevorzugten Mobilfunkanbieters ein, um sofortigen Internetzugang zu erhalten \u2013 ganz egal, wohin Ihre Reisen Sie f\u00fchren. Der M6 Pro ist unterwegs eine leistungsst\u00e4rkere und sicherere Alternative zu einem mobilen Hotspot auf dem Smartphone und erm\u00f6glicht die Verbindung von bis zu 32 Ger\u00e4ten gleichzeitig.<\/p>\n<p><img loading=\"lazy\" decoding=\"async\" class=\" wp-image-9814 aligncenter\" src=\"https:\/\/dehub.netgear.com\/de\/hub\/wp-content\/uploads\/2024\/10\/webimage-d497e3a7-3af3-4f1c-aaac-0c169836240e-1-300x169.png\" alt=\"\" width=\"511\" height=\"288\" srcset=\"https:\/\/dehub.netgear.com\/de\/hub\/wp-content\/uploads\/2024\/10\/webimage-d497e3a7-3af3-4f1c-aaac-0c169836240e-1-300x169.png 300w, https:\/\/dehub.netgear.com\/de\/hub\/wp-content\/uploads\/2024\/10\/webimage-d497e3a7-3af3-4f1c-aaac-0c169836240e-1-768x432.png 768w, https:\/\/dehub.netgear.com\/de\/hub\/wp-content\/uploads\/2024\/10\/webimage-d497e3a7-3af3-4f1c-aaac-0c169836240e-1.png 800w\" sizes=\"auto, (max-width: 511px) 100vw, 511px\" \/><\/p>\n<p>Die neuesten mobilen Hotspots sind auch f\u00fcr die Nutzung als Heim-Internet eine \u00dcberlegung wert. Der langlebige Akku des M6 Pro h\u00e4lt bis zu 13 Stunden mit einer einzigen Ladung, und Sie k\u00f6nnen ganz einfach das WLAN einrichten, Einstellungen \u00e4ndern, den Zugang teilen und Ihren Datenverbrauch \u00fcber den 2,8-Zoll-Farb-LCD-Touchscreen \u00fcberwachen. F\u00fcr eine durchgehende Verbindung k\u00f6nnen Sie entweder einen Ersatzakku mitf\u00fchren oder das Ger\u00e4t an die Steckdose anschlie\u00dfen und rund um die Uhr nutzen.<\/p>\n    <\/div>\n        <div id=\"topic5\" class=\"skip-item\">\n                        <h2>NETGEAR In-Home Performance Mode<\/h2>\n                <p>Ihr<a href=\"https:\/\/dehub.netgear.com\/de\/hub\/technology\/router-login-page\/\"> Nighthawk M6 oder M6 Pro<\/a>-Internet-Hotspot kann im In-Home Performance Mode aktiviert werden, um die Reichweite auf bis zu 185 m\u00b2 zu erweitern und Ihr Zuhause mit sicherem und nahtlosem WLAN abzudecken. Der In-Home Performance Mode beseitigt Funkl\u00f6cher, indem das WLAN-Signal weiter ausgestrahlt wird, sodass jeder im Haushalt seinen eigenen Bereich f\u00fcr Streaming, Online-Gaming und Networking f\u00fcr Arbeit und Freizeit genie\u00dfen kann.<\/p>\n<div class=\"explore-btn-area\"><a class=\"explore-btn\" href=\"https:\/\/www.dehub.netgear.com\/de\/home\/mobile-wifi\/hotspots\/mr6450\/\">JETZT KAUFEN Nighthawk M6 PRO<\/a><\/div>\n<div class=\"explore-btn-area\"><a class=\"explore-btn\" href=\"https:\/\/www.dehub.netgear.com\/de\/home\/mobile-wifi\/hotspots\/mr6150\/\">JETZT KAUFEN Nighthawk M6<\/a><\/div>\n    <\/div>\n        <div id=\"topic6\" class=\"skip-item\">\n                        <h2>Vorteile von Funk-DSL-Internet<\/h2>\n                <p>In unserer schnelllebigen Welt ist es gut, mehrere Funk-DSL- und mobile Hotspot-Internetverbindungsoptionen zu haben. Der Wettbewerb unter Funk-DSL-Anbietern sorgt zudem f\u00fcr budgetfreundliche Preise. Funk-DSL- und tragbare Hotspot-Router sind bedeutende Fortschritte, die Nutzern flexible, funktionale und kosteng\u00fcnstige WLAN-L\u00f6sungen f\u00fcr jeden Haushaltstyp und jedes Budget bieten.<\/p>\n<h3>Funk-DSL f\u00fcr Zuhause und Unternehmen<\/h3>\n<p>Das beste Funk-DSL-Internet ist ideal f\u00fcr Menschen, die ihren Internetzugang\/Modem durch einen mobilen Hotspot oder ein \u00e4hnliches Produkt ersetzen m\u00f6chten. Funk-DSL f\u00fcr Zuhause kann gezielt f\u00fcr bestimmte Bereiche genutzt oder drahtlos mit WLAN-Mesh-Satelliten f\u00fcr eine umfassende Abdeckung im ganzen Haus oder Unternehmen kombiniert werden.<\/p>\n<p><img loading=\"lazy\" decoding=\"async\" class=\" wp-image-8670 aligncenter\" src=\"https:\/\/dehub.netgear.com\/de\/hub\/wp-content\/uploads\/2023\/07\/CHP_ARTICLE_BACKTOSCHOOL_2020-8-18_Inline4_tcm148-135471-300x200.jpg\" alt=\"\" width=\"587\" height=\"391\" srcset=\"https:\/\/dehub.netgear.com\/de\/hub\/wp-content\/uploads\/2023\/07\/CHP_ARTICLE_BACKTOSCHOOL_2020-8-18_Inline4_tcm148-135471-300x200.jpg 300w, https:\/\/dehub.netgear.com\/de\/hub\/wp-content\/uploads\/2023\/07\/CHP_ARTICLE_BACKTOSCHOOL_2020-8-18_Inline4_tcm148-135471.jpg 600w\" sizes=\"auto, (max-width: 587px) 100vw, 587px\" \/><\/p>\n<h3>Funk-DSL f\u00fcr mobile Menschen<\/h3>\n<p>Menschen ziehen h\u00e4ufiger um und wechseln ihren Standort, sodass Funk-DSL und mobile Hotspots f\u00fcr viele unverzichtbar sind. Funk-DSL-Verbindungen eignen sich hervorragend f\u00fcr Remote-Mitarbeiter, digitale Nomaden, Mieter und kurzfristige Wohnverh\u00e4ltnisse. Nutzen Sie den In-Home Performance Mode an mobilen Hotspots, um die 360\u00b0-Abdeckung der Satellitenantenne zu verdoppeln.<\/p>\n<h3>Funk-DSL f\u00fcr erfahrene Netzwerk-Nutzer<\/h3>\n<p>Hochentwickelte Nutzer sch\u00e4tzen Backup-\/Ausfall-Internetoptionen f\u00fcr Zeiten, in denen die Geschwindigkeiten des regul\u00e4ren Internetanbieters (ISP) unzuverl\u00e4ssig sind. Die Erg\u00e4nzung des Netzwerks durch ein Funk-DSL-Internetsystem, das f\u00fcr Hochgeschwindigkeitsinternet optimiert ist, stellt sicher, dass die h\u00f6chsten verf\u00fcgbaren Upload-Geschwindigkeiten und Ger\u00e4tekonnektivit\u00e4ten jederzeit in Ihrem Heim- oder Firmennetzwerk gew\u00e4hrleistet sind. Die Funk-DSL- und mobilen Breitband-Hotspot-Verbindungen von NETGEAR sind \u00fcber renommierte Mobilfunkanbieter verf\u00fcgbar.<\/p>\n    <\/div>\n    \n","protected":false},"excerpt":{"rendered":"","protected":false},"author":68,"featured_media":8670,"parent":6081,"menu_order":3,"comment_status":"closed","ping_status":"closed","template":"templates\/mesh-vs-wifi.php","meta":{"_acf_changed":false,"footnotes":""},"class_list":["post-10040","page","type-page","status-publish","has-post-thumbnail","hentry"],"acf":[],"yoast_head":"<!-- This site is optimized with the Yoast SEO plugin v27.5 - https:\/\/yoast.com\/product\/yoast-seo-wordpress\/ -->\n<title>Funk-DSL f\u00fcr Zuhause: WLAN ohne Kabel mit 5G &amp; 4G LTE<\/title>\n<meta name=\"description\" content=\"Entdecken Sie Funk-DSL: Die kabellose Alternative zu DSL &amp; Glasfaser mit 5G und 4G LTE. Ideal f\u00fcr Zuhause, l\u00e4ndliche Gebiete &amp; mobile Nutzer \u2013 jetzt mehr erfahren!\" \/>\n<meta name=\"robots\" content=\"index, follow, max-snippet:-1, max-image-preview:large, max-video-preview:-1\" \/>\n<link rel=\"canonical\" href=\"https:\/\/dehub.netgear.com\/de\/hub\/network\/funk-dsl-fuer-zuhause\/\" \/>\n<meta property=\"og:locale\" content=\"de_DE\" \/>\n<meta property=\"og:type\" content=\"article\" \/>\n<meta property=\"og:title\" content=\"Funk-DSL f\u00fcr Zuhause: WLAN ohne Kabel mit 5G &amp; 4G LTE\" \/>\n<meta property=\"og:description\" content=\"Entdecken Sie Funk-DSL: Die kabellose Alternative zu DSL &amp; Glasfaser mit 5G und 4G LTE. Ideal f\u00fcr Zuhause, l\u00e4ndliche Gebiete &amp; mobile Nutzer \u2013 jetzt mehr erfahren!\" \/>\n<meta property=\"og:url\" content=\"https:\/\/dehub.netgear.com\/de\/hub\/network\/funk-dsl-fuer-zuhause\/\" \/>\n<meta property=\"og:site_name\" content=\"NETGEAR Hub\" \/>\n<meta property=\"article:publisher\" content=\"https:\/\/www.facebook.com\/NetgearAU\/\" \/>\n<meta property=\"article:modified_time\" content=\"2024-12-28T06:25:41+00:00\" \/>\n<meta property=\"og:image\" content=\"https:\/\/dehub.netgear.com\/de\/hub\/wp-content\/uploads\/2023\/07\/CHP_ARTICLE_BACKTOSCHOOL_2020-8-18_Inline4_tcm148-135471.jpg\" \/>\n\t<meta property=\"og:image:width\" content=\"600\" \/>\n\t<meta property=\"og:image:height\" content=\"400\" \/>\n\t<meta property=\"og:image:type\" content=\"image\/jpeg\" \/>\n<meta name=\"twitter:card\" content=\"summary_large_image\" \/>\n<meta name=\"twitter:site\" content=\"@NETGEAR\" \/>\n<script type=\"application\/ld+json\" class=\"yoast-schema-graph\">{\"@context\":\"https:\\\/\\\/schema.org\",\"@graph\":[{\"@type\":\"WebPage\",\"@id\":\"https:\\\/\\\/dehub.netgear.com\\\/de\\\/hub\\\/network\\\/funk-dsl-fuer-zuhause\\\/\",\"url\":\"https:\\\/\\\/dehub.netgear.com\\\/de\\\/hub\\\/network\\\/funk-dsl-fuer-zuhause\\\/\",\"name\":\"Funk-DSL f\u00fcr Zuhause: WLAN ohne Kabel mit 5G & 4G LTE\",\"isPartOf\":{\"@id\":\"https:\\\/\\\/dehub.netgear.com\\\/de\\\/hub\\\/#website\"},\"primaryImageOfPage\":{\"@id\":\"https:\\\/\\\/dehub.netgear.com\\\/de\\\/hub\\\/network\\\/funk-dsl-fuer-zuhause\\\/#primaryimage\"},\"image\":{\"@id\":\"https:\\\/\\\/dehub.netgear.com\\\/de\\\/hub\\\/network\\\/funk-dsl-fuer-zuhause\\\/#primaryimage\"},\"thumbnailUrl\":\"https:\\\/\\\/dehub.netgear.com\\\/de\\\/hub\\\/wp-content\\\/uploads\\\/2023\\\/07\\\/CHP_ARTICLE_BACKTOSCHOOL_2020-8-18_Inline4_tcm148-135471.jpg\",\"datePublished\":\"2024-12-10T08:01:32+00:00\",\"dateModified\":\"2024-12-28T06:25:41+00:00\",\"description\":\"Entdecken Sie Funk-DSL: Die kabellose Alternative zu DSL & Glasfaser mit 5G und 4G LTE. Ideal f\u00fcr Zuhause, l\u00e4ndliche Gebiete & mobile Nutzer \u2013 jetzt mehr erfahren!\",\"breadcrumb\":{\"@id\":\"https:\\\/\\\/dehub.netgear.com\\\/de\\\/hub\\\/network\\\/funk-dsl-fuer-zuhause\\\/#breadcrumb\"},\"inLanguage\":\"de\",\"potentialAction\":[{\"@type\":\"ReadAction\",\"target\":[\"https:\\\/\\\/dehub.netgear.com\\\/de\\\/hub\\\/network\\\/funk-dsl-fuer-zuhause\\\/\"]}]},{\"@type\":\"ImageObject\",\"inLanguage\":\"de\",\"@id\":\"https:\\\/\\\/dehub.netgear.com\\\/de\\\/hub\\\/network\\\/funk-dsl-fuer-zuhause\\\/#primaryimage\",\"url\":\"https:\\\/\\\/dehub.netgear.com\\\/de\\\/hub\\\/wp-content\\\/uploads\\\/2023\\\/07\\\/CHP_ARTICLE_BACKTOSCHOOL_2020-8-18_Inline4_tcm148-135471.jpg\",\"contentUrl\":\"https:\\\/\\\/dehub.netgear.com\\\/de\\\/hub\\\/wp-content\\\/uploads\\\/2023\\\/07\\\/CHP_ARTICLE_BACKTOSCHOOL_2020-8-18_Inline4_tcm148-135471.jpg\",\"width\":600,\"height\":400},{\"@type\":\"BreadcrumbList\",\"@id\":\"https:\\\/\\\/dehub.netgear.com\\\/de\\\/hub\\\/network\\\/funk-dsl-fuer-zuhause\\\/#breadcrumb\",\"itemListElement\":[{\"@type\":\"ListItem\",\"position\":1,\"name\":\"Home\",\"item\":\"https:\\\/\\\/dehub.netgear.com\\\/de\\\/hub\\\/\"},{\"@type\":\"ListItem\",\"position\":2,\"name\":\"Heimnetzwerk Artikel\",\"item\":\"https:\\\/\\\/dehub.netgear.com\\\/de\\\/hub\\\/network\\\/\"},{\"@type\":\"ListItem\",\"position\":3,\"name\":\"Was ist FUNK-DSL f\u00fcr Zuhause\"}]},{\"@type\":\"WebSite\",\"@id\":\"https:\\\/\\\/dehub.netgear.com\\\/de\\\/hub\\\/#website\",\"url\":\"https:\\\/\\\/dehub.netgear.com\\\/de\\\/hub\\\/\",\"name\":\"NETGEAR\",\"description\":\"Erkunden Sie unsere Hub-Seiten und st\u00f6bern Sie in Artikeln, um mehr \u00fcber NETGEAR Produkte und Technologien zu erfahren.\",\"publisher\":{\"@id\":\"https:\\\/\\\/dehub.netgear.com\\\/de\\\/hub\\\/#organization\"},\"potentialAction\":[{\"@type\":\"SearchAction\",\"target\":{\"@type\":\"EntryPoint\",\"urlTemplate\":\"https:\\\/\\\/dehub.netgear.com\\\/de\\\/hub\\\/?s={search_term_string}\"},\"query-input\":{\"@type\":\"PropertyValueSpecification\",\"valueRequired\":true,\"valueName\":\"search_term_string\"}}],\"inLanguage\":\"de\"},{\"@type\":\"Organization\",\"@id\":\"https:\\\/\\\/dehub.netgear.com\\\/de\\\/hub\\\/#organization\",\"name\":\"NETGEAR\",\"url\":\"https:\\\/\\\/dehub.netgear.com\\\/de\\\/hub\\\/\",\"logo\":{\"@type\":\"ImageObject\",\"inLanguage\":\"de\",\"@id\":\"https:\\\/\\\/dehub.netgear.com\\\/de\\\/hub\\\/#\\\/schema\\\/logo\\\/image\\\/\",\"url\":\"https:\\\/\\\/www.dehub.netgear.com\\\/de\\\/hub\\\/wp-content\\\/uploads\\\/2019\\\/07\\\/NETGEAR_logo.jpg\",\"contentUrl\":\"https:\\\/\\\/www.dehub.netgear.com\\\/de\\\/hub\\\/wp-content\\\/uploads\\\/2019\\\/07\\\/NETGEAR_logo.jpg\",\"width\":1500,\"height\":501,\"caption\":\"NETGEAR\"},\"image\":{\"@id\":\"https:\\\/\\\/dehub.netgear.com\\\/de\\\/hub\\\/#\\\/schema\\\/logo\\\/image\\\/\"},\"sameAs\":[\"https:\\\/\\\/www.facebook.com\\\/NetgearAU\\\/\",\"https:\\\/\\\/x.com\\\/NETGEAR\",\"https:\\\/\\\/www.linkedin.com\\\/company\\\/netgear\"]}]}<\/script>\n<!-- \/ Yoast SEO plugin. -->","yoast_head_json":{"title":"Funk-DSL f\u00fcr Zuhause: WLAN ohne Kabel mit 5G & 4G LTE","description":"Entdecken Sie Funk-DSL: Die kabellose Alternative zu DSL & Glasfaser mit 5G und 4G LTE. Ideal f\u00fcr Zuhause, l\u00e4ndliche Gebiete & mobile Nutzer \u2013 jetzt mehr erfahren!","robots":{"index":"index","follow":"follow","max-snippet":"max-snippet:-1","max-image-preview":"max-image-preview:large","max-video-preview":"max-video-preview:-1"},"canonical":"https:\/\/dehub.netgear.com\/de\/hub\/network\/funk-dsl-fuer-zuhause\/","og_locale":"de_DE","og_type":"article","og_title":"Funk-DSL f\u00fcr Zuhause: WLAN ohne Kabel mit 5G & 4G LTE","og_description":"Entdecken Sie Funk-DSL: Die kabellose Alternative zu DSL & Glasfaser mit 5G und 4G LTE. Ideal f\u00fcr Zuhause, l\u00e4ndliche Gebiete & mobile Nutzer \u2013 jetzt mehr erfahren!","og_url":"https:\/\/dehub.netgear.com\/de\/hub\/network\/funk-dsl-fuer-zuhause\/","og_site_name":"NETGEAR Hub","article_publisher":"https:\/\/www.facebook.com\/NetgearAU\/","article_modified_time":"2024-12-28T06:25:41+00:00","og_image":[{"width":600,"height":400,"url":"https:\/\/dehub.netgear.com\/de\/hub\/wp-content\/uploads\/2023\/07\/CHP_ARTICLE_BACKTOSCHOOL_2020-8-18_Inline4_tcm148-135471.jpg","type":"image\/jpeg"}],"twitter_card":"summary_large_image","twitter_site":"@NETGEAR","schema":{"@context":"https:\/\/schema.org","@graph":[{"@type":"WebPage","@id":"https:\/\/dehub.netgear.com\/de\/hub\/network\/funk-dsl-fuer-zuhause\/","url":"https:\/\/dehub.netgear.com\/de\/hub\/network\/funk-dsl-fuer-zuhause\/","name":"Funk-DSL f\u00fcr Zuhause: WLAN ohne Kabel mit 5G & 4G LTE","isPartOf":{"@id":"https:\/\/dehub.netgear.com\/de\/hub\/#website"},"primaryImageOfPage":{"@id":"https:\/\/dehub.netgear.com\/de\/hub\/network\/funk-dsl-fuer-zuhause\/#primaryimage"},"image":{"@id":"https:\/\/dehub.netgear.com\/de\/hub\/network\/funk-dsl-fuer-zuhause\/#primaryimage"},"thumbnailUrl":"https:\/\/dehub.netgear.com\/de\/hub\/wp-content\/uploads\/2023\/07\/CHP_ARTICLE_BACKTOSCHOOL_2020-8-18_Inline4_tcm148-135471.jpg","datePublished":"2024-12-10T08:01:32+00:00","dateModified":"2024-12-28T06:25:41+00:00","description":"Entdecken Sie Funk-DSL: Die kabellose Alternative zu DSL & Glasfaser mit 5G und 4G LTE. Ideal f\u00fcr Zuhause, l\u00e4ndliche Gebiete & mobile Nutzer \u2013 jetzt mehr erfahren!","breadcrumb":{"@id":"https:\/\/dehub.netgear.com\/de\/hub\/network\/funk-dsl-fuer-zuhause\/#breadcrumb"},"inLanguage":"de","potentialAction":[{"@type":"ReadAction","target":["https:\/\/dehub.netgear.com\/de\/hub\/network\/funk-dsl-fuer-zuhause\/"]}]},{"@type":"ImageObject","inLanguage":"de","@id":"https:\/\/dehub.netgear.com\/de\/hub\/network\/funk-dsl-fuer-zuhause\/#primaryimage","url":"https:\/\/dehub.netgear.com\/de\/hub\/wp-content\/uploads\/2023\/07\/CHP_ARTICLE_BACKTOSCHOOL_2020-8-18_Inline4_tcm148-135471.jpg","contentUrl":"https:\/\/dehub.netgear.com\/de\/hub\/wp-content\/uploads\/2023\/07\/CHP_ARTICLE_BACKTOSCHOOL_2020-8-18_Inline4_tcm148-135471.jpg","width":600,"height":400},{"@type":"BreadcrumbList","@id":"https:\/\/dehub.netgear.com\/de\/hub\/network\/funk-dsl-fuer-zuhause\/#breadcrumb","itemListElement":[{"@type":"ListItem","position":1,"name":"Home","item":"https:\/\/dehub.netgear.com\/de\/hub\/"},{"@type":"ListItem","position":2,"name":"Heimnetzwerk Artikel","item":"https:\/\/dehub.netgear.com\/de\/hub\/network\/"},{"@type":"ListItem","position":3,"name":"Was ist FUNK-DSL f\u00fcr Zuhause"}]},{"@type":"WebSite","@id":"https:\/\/dehub.netgear.com\/de\/hub\/#website","url":"https:\/\/dehub.netgear.com\/de\/hub\/","name":"NETGEAR","description":"Erkunden Sie unsere Hub-Seiten und st\u00f6bern Sie in Artikeln, um mehr \u00fcber NETGEAR Produkte und Technologien zu erfahren.","publisher":{"@id":"https:\/\/dehub.netgear.com\/de\/hub\/#organization"},"potentialAction":[{"@type":"SearchAction","target":{"@type":"EntryPoint","urlTemplate":"https:\/\/dehub.netgear.com\/de\/hub\/?s={search_term_string}"},"query-input":{"@type":"PropertyValueSpecification","valueRequired":true,"valueName":"search_term_string"}}],"inLanguage":"de"},{"@type":"Organization","@id":"https:\/\/dehub.netgear.com\/de\/hub\/#organization","name":"NETGEAR","url":"https:\/\/dehub.netgear.com\/de\/hub\/","logo":{"@type":"ImageObject","inLanguage":"de","@id":"https:\/\/dehub.netgear.com\/de\/hub\/#\/schema\/logo\/image\/","url":"https:\/\/www.dehub.netgear.com\/de\/hub\/wp-content\/uploads\/2019\/07\/NETGEAR_logo.jpg","contentUrl":"https:\/\/www.dehub.netgear.com\/de\/hub\/wp-content\/uploads\/2019\/07\/NETGEAR_logo.jpg","width":1500,"height":501,"caption":"NETGEAR"},"image":{"@id":"https:\/\/dehub.netgear.com\/de\/hub\/#\/schema\/logo\/image\/"},"sameAs":["https:\/\/www.facebook.com\/NetgearAU\/","https:\/\/x.com\/NETGEAR","https:\/\/www.linkedin.com\/company\/netgear"]}]}},"_links":{"self":[{"href":"https:\/\/dehub.netgear.com\/de\/hub\/wp-json\/wp\/v2\/pages\/10040","targetHints":{"allow":["GET"]}}],"collection":[{"href":"https:\/\/dehub.netgear.com\/de\/hub\/wp-json\/wp\/v2\/pages"}],"about":[{"href":"https:\/\/dehub.netgear.com\/de\/hub\/wp-json\/wp\/v2\/types\/page"}],"author":[{"embeddable":true,"href":"https:\/\/dehub.netgear.com\/de\/hub\/wp-json\/wp\/v2\/users\/68"}],"replies":[{"embeddable":true,"href":"https:\/\/dehub.netgear.com\/de\/hub\/wp-json\/wp\/v2\/comments?post=10040"}],"version-history":[{"count":7,"href":"https:\/\/dehub.netgear.com\/de\/hub\/wp-json\/wp\/v2\/pages\/10040\/revisions"}],"predecessor-version":[{"id":10062,"href":"https:\/\/dehub.netgear.com\/de\/hub\/wp-json\/wp\/v2\/pages\/10040\/revisions\/10062"}],"up":[{"embeddable":true,"href":"https:\/\/dehub.netgear.com\/de\/hub\/wp-json\/wp\/v2\/pages\/6081"}],"wp:featuredmedia":[{"embeddable":true,"href":"https:\/\/dehub.netgear.com\/de\/hub\/wp-json\/wp\/v2\/media\/8670"}],"wp:attachment":[{"href":"https:\/\/dehub.netgear.com\/de\/hub\/wp-json\/wp\/v2\/media?parent=10040"}],"curies":[{"name":"wp","href":"https:\/\/api.w.org\/{rel}","templated":true}]}}